{"id":11178,"date":"2023-11-23T10:48:47","date_gmt":"2023-11-23T13:48:47","guid":{"rendered":"https:\/\/dismag.com.br\/?post_type=product&#038;p=11178"},"modified":"2023-12-04T15:25:50","modified_gmt":"2023-12-04T18:25:50","slug":"silenciador-de-controle-de-fluxo-5200-6400-rtk","status":"publish","type":"product","link":"https:\/\/dismag.com.br\/index.php\/produto\/silenciador-de-controle-de-fluxo-5200-6400-rtk\/","title":{"rendered":"Silenciador de Controle de Fluxo 5200 \/ 6400 &#8211; RTK"},"content":{"rendered":"","protected":false},"excerpt":{"rendered":"<h5><strong>Silenciador\/expans\u00e3o de controle de fluxo ap\u00f3s v\u00e1lvulas de controle para reduzir o ru\u00eddo ap\u00f3s fluxo bloqueado de gases e vapores. A fim de suprimir amplamente a cavita\u00e7\u00e3o\/evapora\u00e7\u00e3o em meios l\u00edquidos e redu\u00e7\u00e3o de som.<\/strong><\/h5>\n<p>&nbsp;<\/p>\n<p>\u2022 Adequado para temperaturas de opera\u00e7\u00e3o de at\u00e9 +530 \u00b0C<br \/>\n\u2022 Sistema de dois a quatro aceleradores<br \/>\n\u2022 Incluindo expans\u00e3o de tubo<br \/>\n\u2022 Fornecido pronto, incluindo os elementos de liga\u00e7\u00e3o<\/p>\n<p>&nbsp;<\/p>\n<p><img fetchpriority=\"high\" decoding=\"async\" class=\"alignnone size-full wp-image-11180\" src=\"https:\/\/dismag.com.br\/wp-content\/uploads\/2023\/11\/iScreen-Shoter-Pre-Visualizacao-231123105058.png\" alt=\"\" width=\"759\" height=\"570\" srcset=\"https:\/\/dismag.com.br\/wp-content\/uploads\/2023\/11\/iScreen-Shoter-Pre-Visualizacao-231123105058.png 759w, https:\/\/dismag.com.br\/wp-content\/uploads\/2023\/11\/iScreen-Shoter-Pre-Visualizacao-231123105058-300x225.png 300w, https:\/\/dismag.com.br\/wp-content\/uploads\/2023\/11\/iScreen-Shoter-Pre-Visualizacao-231123105058-500x375.png 500w\" sizes=\"(max-width: 759px) 100vw, 759px\" \/><\/p>\n","protected":false},"featured_media":11179,"template":"","meta":{"_joinchat":[]},"product_brand":[],"product_cat":[333,104],"product_tag":[],"class_list":{"0":"post-11178","1":"product","2":"type-product","3":"status-publish","4":"has-post-thumbnail","6":"product_cat-rtk","7":"product_cat-valvulas","9":"first","10":"instock","11":"shipping-taxable","12":"product-type-simple"},"_links":{"self":[{"href":"https:\/\/dismag.com.br\/index.php\/wp-json\/wp\/v2\/product\/11178"}],"collection":[{"href":"https:\/\/dismag.com.br\/index.php\/wp-json\/wp\/v2\/product"}],"about":[{"href":"https:\/\/dismag.com.br\/index.php\/wp-json\/wp\/v2\/types\/product"}],"version-history":[{"count":1,"href":"https:\/\/dismag.com.br\/index.php\/wp-json\/wp\/v2\/product\/11178\/revisions"}],"predecessor-version":[{"id":11181,"href":"https:\/\/dismag.com.br\/index.php\/wp-json\/wp\/v2\/product\/11178\/revisions\/11181"}],"wp:featuredmedia":[{"embeddable":true,"href":"https:\/\/dismag.com.br\/index.php\/wp-json\/wp\/v2\/media\/11179"}],"wp:attachment":[{"href":"https:\/\/dismag.com.br\/index.php\/wp-json\/wp\/v2\/media?parent=11178"}],"wp:term":[{"taxonomy":"product_brand","embeddable":true,"href":"https:\/\/dismag.com.br\/index.php\/wp-json\/wp\/v2\/product_brand?post=11178"},{"taxonomy":"product_cat","embeddable":true,"href":"https:\/\/dismag.com.br\/index.php\/wp-json\/wp\/v2\/product_cat?post=11178"},{"taxonomy":"product_tag","embeddable":true,"href":"https:\/\/dismag.com.br\/index.php\/wp-json\/wp\/v2\/product_tag?post=11178"}],"curies":[{"name":"wp","href":"https:\/\/api.w.org\/{rel}","templated":true}]}}