{"id":11186,"date":"2023-11-23T11:13:42","date_gmt":"2023-11-23T14:13:42","guid":{"rendered":"https:\/\/dismag.com.br\/?post_type=product&#038;p=11186"},"modified":"2023-12-04T15:25:33","modified_gmt":"2023-12-04T18:25:33","slug":"valvulas-de-conversao-de-vapor-5351-6451-rtk","status":"publish","type":"product","link":"https:\/\/dismag.com.br\/index.php\/produto\/valvulas-de-conversao-de-vapor-5351-6451-rtk\/","title":{"rendered":"V\u00e1lvulas de convers\u00e3o de vapor 5351 \/ 6451 &#8211; RTK"},"content":{"rendered":"","protected":false},"excerpt":{"rendered":"<h5>V\u00e1lvulas de convers\u00e3o de vapor usadas para reduzir a press\u00e3o do vapor e, ao mesmo tempo, resfriar o vapor.<\/h5>\n<p>\u2022 Redu\u00e7\u00e3o da press\u00e3o do vapor e resfriamento em uma unidade<br \/>\n\u2022 Plugue perfurado de baixo ru\u00eddo<br \/>\n\u2022 Inje\u00e7\u00e3o de \u00e1gua por baixo<br \/>\n\u2022 Ampla faixa de controle<br \/>\n\u2022 Caracter\u00edstica de controle otimizada com guarni\u00e7\u00e3o adaptada para vapor e \u00e1gua<\/p>\n<p>&nbsp;<\/p>\n<p><img fetchpriority=\"high\" decoding=\"async\" class=\"alignnone size-full wp-image-11191\" src=\"https:\/\/dismag.com.br\/wp-content\/uploads\/2023\/11\/iScreen-Shoter-Pre-Visualizacao-231123112232.png\" alt=\"\" width=\"826\" height=\"892\" srcset=\"https:\/\/dismag.com.br\/wp-content\/uploads\/2023\/11\/iScreen-Shoter-Pre-Visualizacao-231123112232.png 826w, https:\/\/dismag.com.br\/wp-content\/uploads\/2023\/11\/iScreen-Shoter-Pre-Visualizacao-231123112232-278x300.png 278w, https:\/\/dismag.com.br\/wp-content\/uploads\/2023\/11\/iScreen-Shoter-Pre-Visualizacao-231123112232-768x829.png 768w, https:\/\/dismag.com.br\/wp-content\/uploads\/2023\/11\/iScreen-Shoter-Pre-Visualizacao-231123112232-500x540.png 500w\" sizes=\"(max-width: 826px) 100vw, 826px\" \/><\/p>\n","protected":false},"featured_media":11190,"template":"","meta":{"_joinchat":[]},"product_brand":[],"product_cat":[333,104],"product_tag":[],"class_list":{"0":"post-11186","1":"product","2":"type-product","3":"status-publish","4":"has-post-thumbnail","6":"product_cat-rtk","7":"product_cat-valvulas","9":"first","10":"instock","11":"shipping-taxable","12":"product-type-simple"},"_links":{"self":[{"href":"https:\/\/dismag.com.br\/index.php\/wp-json\/wp\/v2\/product\/11186"}],"collection":[{"href":"https:\/\/dismag.com.br\/index.php\/wp-json\/wp\/v2\/product"}],"about":[{"href":"https:\/\/dismag.com.br\/index.php\/wp-json\/wp\/v2\/types\/product"}],"version-history":[{"count":1,"href":"https:\/\/dismag.com.br\/index.php\/wp-json\/wp\/v2\/product\/11186\/revisions"}],"predecessor-version":[{"id":11189,"href":"https:\/\/dismag.com.br\/index.php\/wp-json\/wp\/v2\/product\/11186\/revisions\/11189"}],"wp:featuredmedia":[{"embeddable":true,"href":"https:\/\/dismag.com.br\/index.php\/wp-json\/wp\/v2\/media\/11190"}],"wp:attachment":[{"href":"https:\/\/dismag.com.br\/index.php\/wp-json\/wp\/v2\/media?parent=11186"}],"wp:term":[{"taxonomy":"product_brand","embeddable":true,"href":"https:\/\/dismag.com.br\/index.php\/wp-json\/wp\/v2\/product_brand?post=11186"},{"taxonomy":"product_cat","embeddable":true,"href":"https:\/\/dismag.com.br\/index.php\/wp-json\/wp\/v2\/product_cat?post=11186"},{"taxonomy":"product_tag","embeddable":true,"href":"https:\/\/dismag.com.br\/index.php\/wp-json\/wp\/v2\/product_tag?post=11186"}],"curies":[{"name":"wp","href":"https:\/\/api.w.org\/{rel}","templated":true}]}}