{"id":11195,"date":"2023-11-23T14:50:32","date_gmt":"2023-11-23T17:50:32","guid":{"rendered":"https:\/\/dismag.com.br\/?post_type=product&#038;p=11195"},"modified":"2023-12-04T15:25:20","modified_gmt":"2023-12-04T18:25:20","slug":"dessuperaquecedor-lancer-multi-bico-5351-6451-rtk","status":"publish","type":"product","link":"https:\/\/dismag.com.br\/index.php\/produto\/dessuperaquecedor-lancer-multi-bico-5351-6451-rtk\/","title":{"rendered":"Dessuperaquecedor lancer multi bico 5351 \/ 6451 &#8211; RTK"},"content":{"rendered":"","protected":false},"excerpt":{"rendered":"<h5>Resfriador de inje\u00e7\u00e3o \u2013 Refrigerador de vapor dessuperaquecido.<\/h5>\n<p>&nbsp;<\/p>\n<p>\u2022 Caracter\u00edsticas de controle vari\u00e1vel<br \/>\n\u2022 Controle preciso da temperatura do vapor<br \/>\n\u2022 Taxa de redu\u00e7\u00e3o vari\u00e1vel 10:1\/25:1<br \/>\n\u2022 Excelentes caracter\u00edsticas de atomiza\u00e7\u00e3o at\u2206P\u00e1gua\/ vapor de no m\u00ednimo 10 bar. Velocidade do vapor de 10 m\/s.<br \/>\n\u2022 M\u00e1x.\u2206P\u00c1gua\/Vapor at\u00e9 100bar. Nenhuma v\u00e1lvula de controle adicional \u00e9 necess\u00e1ria.<\/p>\n<p>\u2022 Fechamento herm\u00e9tico, sem qualquer vazamento<br \/>\n\u2022 Alta confiabilidade devido a pe\u00e7as simples e desgaste m\u00ednimo<\/p>\n<p>&nbsp;<\/p>\n<p><img fetchpriority=\"high\" decoding=\"async\" class=\"alignnone size-full wp-image-11197\" src=\"https:\/\/dismag.com.br\/wp-content\/uploads\/2023\/11\/iScreen-Shoter-Pre-Visualizacao-231123145220.png\" alt=\"\" width=\"986\" height=\"811\" srcset=\"https:\/\/dismag.com.br\/wp-content\/uploads\/2023\/11\/iScreen-Shoter-Pre-Visualizacao-231123145220.png 986w, https:\/\/dismag.com.br\/wp-content\/uploads\/2023\/11\/iScreen-Shoter-Pre-Visualizacao-231123145220-300x247.png 300w, https:\/\/dismag.com.br\/wp-content\/uploads\/2023\/11\/iScreen-Shoter-Pre-Visualizacao-231123145220-768x632.png 768w, https:\/\/dismag.com.br\/wp-content\/uploads\/2023\/11\/iScreen-Shoter-Pre-Visualizacao-231123145220-500x411.png 500w\" sizes=\"(max-width: 986px) 100vw, 986px\" \/><\/p>\n","protected":false},"featured_media":11196,"template":"","meta":{"_joinchat":[]},"product_brand":[],"product_cat":[333,104],"product_tag":[],"class_list":{"0":"post-11195","1":"product","2":"type-product","3":"status-publish","4":"has-post-thumbnail","6":"product_cat-rtk","7":"product_cat-valvulas","9":"first","10":"instock","11":"shipping-taxable","12":"product-type-simple"},"_links":{"self":[{"href":"https:\/\/dismag.com.br\/index.php\/wp-json\/wp\/v2\/product\/11195"}],"collection":[{"href":"https:\/\/dismag.com.br\/index.php\/wp-json\/wp\/v2\/product"}],"about":[{"href":"https:\/\/dismag.com.br\/index.php\/wp-json\/wp\/v2\/types\/product"}],"version-history":[{"count":1,"href":"https:\/\/dismag.com.br\/index.php\/wp-json\/wp\/v2\/product\/11195\/revisions"}],"predecessor-version":[{"id":11198,"href":"https:\/\/dismag.com.br\/index.php\/wp-json\/wp\/v2\/product\/11195\/revisions\/11198"}],"wp:featuredmedia":[{"embeddable":true,"href":"https:\/\/dismag.com.br\/index.php\/wp-json\/wp\/v2\/media\/11196"}],"wp:attachment":[{"href":"https:\/\/dismag.com.br\/index.php\/wp-json\/wp\/v2\/media?parent=11195"}],"wp:term":[{"taxonomy":"product_brand","embeddable":true,"href":"https:\/\/dismag.com.br\/index.php\/wp-json\/wp\/v2\/product_brand?post=11195"},{"taxonomy":"product_cat","embeddable":true,"href":"https:\/\/dismag.com.br\/index.php\/wp-json\/wp\/v2\/product_cat?post=11195"},{"taxonomy":"product_tag","embeddable":true,"href":"https:\/\/dismag.com.br\/index.php\/wp-json\/wp\/v2\/product_tag?post=11195"}],"curies":[{"name":"wp","href":"https:\/\/api.w.org\/{rel}","templated":true}]}}