{"id":11203,"date":"2023-11-23T14:59:40","date_gmt":"2023-11-23T17:59:40","guid":{"rendered":"https:\/\/dismag.com.br\/?post_type=product&#038;p=11203"},"modified":"2023-12-04T15:24:41","modified_gmt":"2023-12-04T18:24:41","slug":"valvulas-de-purga-continua-5291-6291-rtk","status":"publish","type":"product","link":"https:\/\/dismag.com.br\/index.php\/produto\/valvulas-de-purga-continua-5291-6291-rtk\/","title":{"rendered":"V\u00e1lvulas de purga cont\u00ednua 5291 \/ 6291 &#8211; RTK"},"content":{"rendered":"","protected":false},"excerpt":{"rendered":"<h5>V\u00e1lvulas de controle motorizadas para purga cont\u00ednua de caldeiras a vapor.<\/h5>\n<p>&nbsp;<\/p>\n<p>\u2022 Projeto bidirecional com v\u00e1lvula de amostragem (V)\/sem (D)<br \/>\n\u2022 Execu\u00e7\u00e3o dur\u00e1vel<br \/>\n\u2022 Plugue e assento refor\u00e7ados para baixo opera\u00e7\u00e3o de desgaste<br \/>\n\u2022 material corporalGP-240-GH<br \/>\n\u2022 Plugue parab\u00f3lico com caracter\u00edstica linear para dosagem exata de baixa taxa de purga<\/p>\n<p>&nbsp;<\/p>\n<p><img fetchpriority=\"high\" decoding=\"async\" class=\"alignnone size-full wp-image-11206\" src=\"https:\/\/dismag.com.br\/wp-content\/uploads\/2023\/11\/iScreen-Shoter-Pre-Visualizacao-231123150355.png\" alt=\"\" width=\"812\" height=\"613\" srcset=\"https:\/\/dismag.com.br\/wp-content\/uploads\/2023\/11\/iScreen-Shoter-Pre-Visualizacao-231123150355.png 812w, https:\/\/dismag.com.br\/wp-content\/uploads\/2023\/11\/iScreen-Shoter-Pre-Visualizacao-231123150355-300x226.png 300w, https:\/\/dismag.com.br\/wp-content\/uploads\/2023\/11\/iScreen-Shoter-Pre-Visualizacao-231123150355-768x580.png 768w, https:\/\/dismag.com.br\/wp-content\/uploads\/2023\/11\/iScreen-Shoter-Pre-Visualizacao-231123150355-500x377.png 500w\" sizes=\"(max-width: 812px) 100vw, 812px\" \/><\/p>\n","protected":false},"featured_media":11205,"template":"","meta":{"_joinchat":[]},"product_brand":[],"product_cat":[333,104],"product_tag":[],"class_list":{"0":"post-11203","1":"product","2":"type-product","3":"status-publish","4":"has-post-thumbnail","6":"product_cat-rtk","7":"product_cat-valvulas","9":"first","10":"instock","11":"shipping-taxable","12":"product-type-simple"},"_links":{"self":[{"href":"https:\/\/dismag.com.br\/index.php\/wp-json\/wp\/v2\/product\/11203"}],"collection":[{"href":"https:\/\/dismag.com.br\/index.php\/wp-json\/wp\/v2\/product"}],"about":[{"href":"https:\/\/dismag.com.br\/index.php\/wp-json\/wp\/v2\/types\/product"}],"version-history":[{"count":1,"href":"https:\/\/dismag.com.br\/index.php\/wp-json\/wp\/v2\/product\/11203\/revisions"}],"predecessor-version":[{"id":11207,"href":"https:\/\/dismag.com.br\/index.php\/wp-json\/wp\/v2\/product\/11203\/revisions\/11207"}],"wp:featuredmedia":[{"embeddable":true,"href":"https:\/\/dismag.com.br\/index.php\/wp-json\/wp\/v2\/media\/11205"}],"wp:attachment":[{"href":"https:\/\/dismag.com.br\/index.php\/wp-json\/wp\/v2\/media?parent=11203"}],"wp:term":[{"taxonomy":"product_brand","embeddable":true,"href":"https:\/\/dismag.com.br\/index.php\/wp-json\/wp\/v2\/product_brand?post=11203"},{"taxonomy":"product_cat","embeddable":true,"href":"https:\/\/dismag.com.br\/index.php\/wp-json\/wp\/v2\/product_cat?post=11203"},{"taxonomy":"product_tag","embeddable":true,"href":"https:\/\/dismag.com.br\/index.php\/wp-json\/wp\/v2\/product_tag?post=11203"}],"curies":[{"name":"wp","href":"https:\/\/api.w.org\/{rel}","templated":true}]}}