{"id":11213,"date":"2023-11-23T15:56:05","date_gmt":"2023-11-23T18:56:05","guid":{"rendered":"https:\/\/dismag.com.br\/?post_type=product&#038;p=11213"},"modified":"2023-12-04T15:24:27","modified_gmt":"2023-12-04T18:24:27","slug":"valvulas-para-controle-de-descarga-recirculacao-5241-6341-rtk","status":"publish","type":"product","link":"https:\/\/dismag.com.br\/index.php\/produto\/valvulas-para-controle-de-descarga-recirculacao-5241-6341-rtk\/","title":{"rendered":"V\u00e1lvulas para controle de descarga\/recircula\u00e7\u00e3o 5241 \/ 6341 &#8211; RTK"},"content":{"rendered":"","protected":false},"excerpt":{"rendered":"<h5>V\u00e1lvulas de controle para descarga\/recircula\u00e7\u00e3o usadas para condensadores resfriados a \u00e1gua ou ar.<\/h5>\n<p>&nbsp;<\/p>\n<p>\u2022 Design de tr\u00eas vias<br \/>\n\u2022 Kvs valor ajust\u00e1vel gate B<br \/>\n\u2022 Plugue com rota\u00e7\u00e3o de 80\u00b0<br \/>\n\u2022 Resistente ao v\u00e1cuo no lado da recircula\u00e7\u00e3o<br \/>\n\u2022 Plugue de recircula\u00e7\u00e3o resistente \u00e0 cavita\u00e7\u00e3o<\/p>\n<p>&nbsp;<\/p>\n<p><img fetchpriority=\"high\" decoding=\"async\" class=\"alignnone size-full wp-image-11214\" src=\"https:\/\/dismag.com.br\/wp-content\/uploads\/2023\/11\/iScreen-Shoter-Pre-Visualizacao-231123155712.png\" alt=\"\" width=\"963\" height=\"939\" srcset=\"https:\/\/dismag.com.br\/wp-content\/uploads\/2023\/11\/iScreen-Shoter-Pre-Visualizacao-231123155712.png 963w, https:\/\/dismag.com.br\/wp-content\/uploads\/2023\/11\/iScreen-Shoter-Pre-Visualizacao-231123155712-300x293.png 300w, https:\/\/dismag.com.br\/wp-content\/uploads\/2023\/11\/iScreen-Shoter-Pre-Visualizacao-231123155712-768x749.png 768w, https:\/\/dismag.com.br\/wp-content\/uploads\/2023\/11\/iScreen-Shoter-Pre-Visualizacao-231123155712-50x50.png 50w, https:\/\/dismag.com.br\/wp-content\/uploads\/2023\/11\/iScreen-Shoter-Pre-Visualizacao-231123155712-500x488.png 500w\" sizes=\"(max-width: 963px) 100vw, 963px\" \/><\/p>\n","protected":false},"featured_media":11215,"template":"","meta":{"_joinchat":[]},"product_brand":[],"product_cat":[333,104],"product_tag":[],"class_list":{"0":"post-11213","1":"product","2":"type-product","3":"status-publish","4":"has-post-thumbnail","6":"product_cat-rtk","7":"product_cat-valvulas","9":"first","10":"instock","11":"shipping-taxable","12":"product-type-simple"},"_links":{"self":[{"href":"https:\/\/dismag.com.br\/index.php\/wp-json\/wp\/v2\/product\/11213"}],"collection":[{"href":"https:\/\/dismag.com.br\/index.php\/wp-json\/wp\/v2\/product"}],"about":[{"href":"https:\/\/dismag.com.br\/index.php\/wp-json\/wp\/v2\/types\/product"}],"version-history":[{"count":0,"href":"https:\/\/dismag.com.br\/index.php\/wp-json\/wp\/v2\/product\/11213\/revisions"}],"wp:featuredmedia":[{"embeddable":true,"href":"https:\/\/dismag.com.br\/index.php\/wp-json\/wp\/v2\/media\/11215"}],"wp:attachment":[{"href":"https:\/\/dismag.com.br\/index.php\/wp-json\/wp\/v2\/media?parent=11213"}],"wp:term":[{"taxonomy":"product_brand","embeddable":true,"href":"https:\/\/dismag.com.br\/index.php\/wp-json\/wp\/v2\/product_brand?post=11213"},{"taxonomy":"product_cat","embeddable":true,"href":"https:\/\/dismag.com.br\/index.php\/wp-json\/wp\/v2\/product_cat?post=11213"},{"taxonomy":"product_tag","embeddable":true,"href":"https:\/\/dismag.com.br\/index.php\/wp-json\/wp\/v2\/product_tag?post=11213"}],"curies":[{"name":"wp","href":"https:\/\/api.w.org\/{rel}","templated":true}]}}