{"id":11216,"date":"2023-11-23T16:00:01","date_gmt":"2023-11-23T19:00:01","guid":{"rendered":"https:\/\/dismag.com.br\/?post_type=product&#038;p=11216"},"modified":"2023-12-04T15:24:20","modified_gmt":"2023-12-04T18:24:20","slug":"atuadores-eletricos-react-15-rtk","status":"publish","type":"product","link":"https:\/\/dismag.com.br\/index.php\/produto\/atuadores-eletricos-react-15-rtk\/","title":{"rendered":"Atuadores el\u00e9tricos REact 15 &#8211; RTK"},"content":{"rendered":"","protected":false},"excerpt":{"rendered":"<h5>Atuador el\u00e9trico para controle modulante e v\u00e1lvulas de corte com tecnologia de motor brushless 24VDC (REdrive).<\/h5>\n<p>&nbsp;<\/p>\n<p>\u2022 Operado por controladores de 3 termos ou sinais anal\u00f3gicos 0\/4-20 mA, 0\/2..10V<br \/>\n\u2022 For\u00e7a interruptores para ambas as dire\u00e7\u00f5es<br \/>\n\u2022 Interruptor de limite para uma dire\u00e7\u00e3o, fusoretra\u00eddo<br \/>\n\u2022 Classifica\u00e7\u00e3o de prote\u00e7\u00e3o IP65<br \/>\n\u2022 Indicador de posi\u00e7\u00e3o da v\u00e1lvula<br \/>\n\u2022 Controle manual<br \/>\n\u2022 Acess\u00f3rios opcionais dispon\u00edveis<\/p>\n<p>&nbsp;<\/p>\n<h5>Op\u00e7\u00f5es:<\/h5>\n<p>&nbsp;<\/p>\n<p>\u2022 Terminais de conex\u00e3o com grampo de mola \u2022 2 interruptores de limite livremente selecion\u00e1veis<br \/>\n\u2022 Aquecedor anticondensa\u00e7\u00e3o<br \/>\n\u2022 Potenci\u00f4metro de feedback<br \/>\n\u2022 Transdutor de feedback de 2 ou 3 fios \u2022 Posicionador de v\u00e1lvula digital<\/p>\n<p>&nbsp;<\/p>\n<p><img fetchpriority=\"high\" decoding=\"async\" class=\"alignnone size-full wp-image-11218\" src=\"https:\/\/dismag.com.br\/wp-content\/uploads\/2023\/11\/iScreen-Shoter-Pre-Visualizacao-231123160544.png\" alt=\"\" width=\"1022\" height=\"1244\" srcset=\"https:\/\/dismag.com.br\/wp-content\/uploads\/2023\/11\/iScreen-Shoter-Pre-Visualizacao-231123160544.png 1022w, https:\/\/dismag.com.br\/wp-content\/uploads\/2023\/11\/iScreen-Shoter-Pre-Visualizacao-231123160544-246x300.png 246w, https:\/\/dismag.com.br\/wp-content\/uploads\/2023\/11\/iScreen-Shoter-Pre-Visualizacao-231123160544-841x1024.png 841w, https:\/\/dismag.com.br\/wp-content\/uploads\/2023\/11\/iScreen-Shoter-Pre-Visualizacao-231123160544-768x935.png 768w, https:\/\/dismag.com.br\/wp-content\/uploads\/2023\/11\/iScreen-Shoter-Pre-Visualizacao-231123160544-500x609.png 500w\" sizes=\"(max-width: 1022px) 100vw, 1022px\" \/><\/p>\n","protected":false},"featured_media":11217,"template":"","meta":{"_joinchat":[]},"product_brand":[],"product_cat":[333,104],"product_tag":[],"class_list":{"0":"post-11216","1":"product","2":"type-product","3":"status-publish","4":"has-post-thumbnail","6":"product_cat-rtk","7":"product_cat-valvulas","9":"first","10":"instock","11":"shipping-taxable","12":"product-type-simple"},"_links":{"self":[{"href":"https:\/\/dismag.com.br\/index.php\/wp-json\/wp\/v2\/product\/11216"}],"collection":[{"href":"https:\/\/dismag.com.br\/index.php\/wp-json\/wp\/v2\/product"}],"about":[{"href":"https:\/\/dismag.com.br\/index.php\/wp-json\/wp\/v2\/types\/product"}],"version-history":[{"count":1,"href":"https:\/\/dismag.com.br\/index.php\/wp-json\/wp\/v2\/product\/11216\/revisions"}],"predecessor-version":[{"id":11219,"href":"https:\/\/dismag.com.br\/index.php\/wp-json\/wp\/v2\/product\/11216\/revisions\/11219"}],"wp:featuredmedia":[{"embeddable":true,"href":"https:\/\/dismag.com.br\/index.php\/wp-json\/wp\/v2\/media\/11217"}],"wp:attachment":[{"href":"https:\/\/dismag.com.br\/index.php\/wp-json\/wp\/v2\/media?parent=11216"}],"wp:term":[{"taxonomy":"product_brand","embeddable":true,"href":"https:\/\/dismag.com.br\/index.php\/wp-json\/wp\/v2\/product_brand?post=11216"},{"taxonomy":"product_cat","embeddable":true,"href":"https:\/\/dismag.com.br\/index.php\/wp-json\/wp\/v2\/product_cat?post=11216"},{"taxonomy":"product_tag","embeddable":true,"href":"https:\/\/dismag.com.br\/index.php\/wp-json\/wp\/v2\/product_tag?post=11216"}],"curies":[{"name":"wp","href":"https:\/\/api.w.org\/{rel}","templated":true}]}}