{"id":11229,"date":"2023-11-30T14:22:47","date_gmt":"2023-11-30T17:22:47","guid":{"rendered":"https:\/\/dismag.com.br\/?post_type=product&#038;p=11229"},"modified":"2023-12-04T15:26:44","modified_gmt":"2023-12-04T18:26:44","slug":"atuadores-eletricos-react-100-rtk","status":"publish","type":"product","link":"https:\/\/dismag.com.br\/index.php\/produto\/atuadores-eletricos-react-100-rtk\/","title":{"rendered":"Atuadores el\u00e9tricos REact 100 &#8211; RTK"},"content":{"rendered":"","protected":false},"excerpt":{"rendered":"<h5>Atuador el\u00e9trico para v\u00e1lvulas de controle e fechamento com tecnologia de motor sem escovas de 24 VCC (REdrive).<\/h5>\n<h5><\/h5>\n<p>\u2022 Controle de passo de 3 pontos<br \/>\n\u2022 Chaves de for\u00e7a e limite separadas para ambos<br \/>\ninstru\u00e7\u00f5es<br \/>\n\u2022 Quatro configura\u00e7\u00f5es de velocidade como padr\u00e3o | DC<br \/>\n\u2022 Baixa altura devido ao fuso de adapta\u00e7\u00e3o<br \/>\n\u2022 Classifica\u00e7\u00e3o de prote\u00e7\u00e3o IP65<br \/>\n\u2022 Indicador de posi\u00e7\u00e3o da v\u00e1lvula<br \/>\n\u2022 Volante manual<br \/>\n\u2022 Conex\u00f5es el\u00e9tricas via plugue\/tomada<br \/>\nconectores<br \/>\n\u2022 Marca\u00e7\u00e3o CE<\/p>\n<p>&nbsp;<\/p>\n<h5>Op\u00e7\u00f5es:<\/h5>\n<p>\u2022 Powerpack, entrada: 90-264V50\/60Hz|DC \u2022 Aquecedor<br \/>\n\u2022 Velocidades pr\u00e9-ajust\u00e1veis \u200b\u200bindividualmente | DC<br \/>\n\u2022 Potenci\u00f4metro<br \/>\n\u2022 Indicador de posi\u00e7\u00e3o, 2 ou 3 fios<br \/>\n\u2022 REposicionador com display<br \/>\n\u2022 Sistema de barramento (ProibusDP, CANopen) \u2022 Controlador de processo integrado na cobertura \u2022 Sistema hidr\u00e1ulico para controle \u00e0 prova de falhas<\/p>\n<p>&nbsp;<\/p>\n<p>&nbsp;<\/p>\n<p><img fetchpriority=\"high\" decoding=\"async\" class=\"alignnone size-full wp-image-11231\" src=\"https:\/\/dismag.com.br\/wp-content\/uploads\/2023\/11\/iScreen-Shoter-Pre-Visualizacao-231130142556.png\" alt=\"\" width=\"966\" height=\"1315\" srcset=\"https:\/\/dismag.com.br\/wp-content\/uploads\/2023\/11\/iScreen-Shoter-Pre-Visualizacao-231130142556.png 966w, https:\/\/dismag.com.br\/wp-content\/uploads\/2023\/11\/iScreen-Shoter-Pre-Visualizacao-231130142556-220x300.png 220w, https:\/\/dismag.com.br\/wp-content\/uploads\/2023\/11\/iScreen-Shoter-Pre-Visualizacao-231130142556-752x1024.png 752w, https:\/\/dismag.com.br\/wp-content\/uploads\/2023\/11\/iScreen-Shoter-Pre-Visualizacao-231130142556-768x1045.png 768w, https:\/\/dismag.com.br\/wp-content\/uploads\/2023\/11\/iScreen-Shoter-Pre-Visualizacao-231130142556-500x681.png 500w\" sizes=\"(max-width: 966px) 100vw, 966px\" \/><\/p>\n","protected":false},"featured_media":11230,"template":"","meta":{"_joinchat":[]},"product_brand":[],"product_cat":[333,104],"product_tag":[],"class_list":{"0":"post-11229","1":"product","2":"type-product","3":"status-publish","4":"has-post-thumbnail","6":"product_cat-rtk","7":"product_cat-valvulas","9":"first","10":"instock","11":"shipping-taxable","12":"product-type-simple"},"_links":{"self":[{"href":"https:\/\/dismag.com.br\/index.php\/wp-json\/wp\/v2\/product\/11229"}],"collection":[{"href":"https:\/\/dismag.com.br\/index.php\/wp-json\/wp\/v2\/product"}],"about":[{"href":"https:\/\/dismag.com.br\/index.php\/wp-json\/wp\/v2\/types\/product"}],"version-history":[{"count":1,"href":"https:\/\/dismag.com.br\/index.php\/wp-json\/wp\/v2\/product\/11229\/revisions"}],"predecessor-version":[{"id":11232,"href":"https:\/\/dismag.com.br\/index.php\/wp-json\/wp\/v2\/product\/11229\/revisions\/11232"}],"wp:featuredmedia":[{"embeddable":true,"href":"https:\/\/dismag.com.br\/index.php\/wp-json\/wp\/v2\/media\/11230"}],"wp:attachment":[{"href":"https:\/\/dismag.com.br\/index.php\/wp-json\/wp\/v2\/media?parent=11229"}],"wp:term":[{"taxonomy":"product_brand","embeddable":true,"href":"https:\/\/dismag.com.br\/index.php\/wp-json\/wp\/v2\/product_brand?post=11229"},{"taxonomy":"product_cat","embeddable":true,"href":"https:\/\/dismag.com.br\/index.php\/wp-json\/wp\/v2\/product_cat?post=11229"},{"taxonomy":"product_tag","embeddable":true,"href":"https:\/\/dismag.com.br\/index.php\/wp-json\/wp\/v2\/product_tag?post=11229"}],"curies":[{"name":"wp","href":"https:\/\/api.w.org\/{rel}","templated":true}]}}