{"id":11233,"date":"2023-11-30T14:27:37","date_gmt":"2023-11-30T17:27:37","guid":{"rendered":"https:\/\/dismag.com.br\/?post_type=product&#038;p=11233"},"modified":"2023-12-04T15:28:48","modified_gmt":"2023-12-04T18:28:48","slug":"atuadores-eletricos-react-30dc-pop-rtk","status":"publish","type":"product","link":"https:\/\/dismag.com.br\/index.php\/produto\/atuadores-eletricos-react-30dc-pop-rtk\/","title":{"rendered":"Atuadores el\u00e9tricos REact 30DC-PoP &#8211; RTK"},"content":{"rendered":"","protected":false},"excerpt":{"rendered":"<h5>.Atuador el\u00e9trico 3kN para v\u00e1lvulas de controle com alimenta\u00e7\u00e3o de emerg\u00eancia REepac03:<\/h5>\n<p>&nbsp;<\/p>\n<h5>Caracter\u00edsticas REact 30DC PoP:<\/h5>\n<p>\u2022 Tecnologia de motor 24VBLDC<br \/>\n\u2022 Motoreletr\u00f4nico avan\u00e7adoREdriveecu<br \/>\n\u2022 Opera\u00e7\u00e3o em etapas de 3 pontos<br \/>\n\u2022 Chaves de for\u00e7a e limite separadas<br \/>\n\u2022 Quatro configura\u00e7\u00f5es de velocidade como padr\u00e3o<br \/>\n\u2022 Classifica\u00e7\u00e3o de prote\u00e7\u00e3o IP65, NEMA4X<br \/>\n\u2022 Indicador de posi\u00e7\u00e3o da v\u00e1lvula<br \/>\n\u2022 Volante manual<br \/>\n\u2022 Conex\u00f5es el\u00e9tricas via conectores de plugue\/tomada<\/p>\n<p>&nbsp;<\/p>\n<h5>Caracter\u00edsticas REepac03:<\/h5>\n<p>\u2022 Tecnologia SuperCap<br \/>\n\u2022 Livre de manuten\u00e7\u00e3o<br \/>\n\u2022 Velocidade de backup: 1,1 mm\/seg. Vers\u00e3o baixa do REact30 DC PoP \/ 3,1 mm\/seg. Vers\u00e3o alta do REact30 DC PoP<br \/>\n\u2022 Alcance m\u00e1ximo de viagem: 40 mm<br \/>\n\u2022 Fuso do atuador retra\u00eddo ou estendido selecion\u00e1vel via interruptor DIP<br \/>\n\u2022 Ciclo de vida:&gt;500.000 ciclos<br \/>\n\u2022 Tempo de carregamento: 60 segundos\/carga m\u00e1xima<br \/>\n\u2022 Fonte de alimenta\u00e7\u00e3o: 24 Vcc\/4A<br \/>\n\u2022 Grau de prote\u00e7\u00e3o: IP65<br \/>\n\u2022 Temperatura ambiente -20\u00b0C at\u00e9 70\u00b0C<\/p>\n<p>&nbsp;<\/p>\n<h5>Op\u00e7\u00f5es:<\/h5>\n<p>\u2022 Entrada do Powerpack: 90-264 V50\/60 Hz Sa\u00edda 24 Vcc<br \/>\n\u2022 Aquecedor anticondensa\u00e7\u00e3o<br \/>\n\u2022 Potenci\u00f4metro<br \/>\n\u2022 Indicador de posi\u00e7\u00e3o, 2 ou 3 fios<br \/>\n\u2022 Posicionador com display<br \/>\n\u2022 Sistema de barramento (ProibusDP, CANopen)<br \/>\n\u2022 Certifica\u00e7\u00e3o NRTL para EUA e Canad\u00e1<br \/>\n\u2022 Variante resistente ao ar mar\u00edtimo<\/p>\n<p>&nbsp;<\/p>\n<p><img fetchpriority=\"high\" decoding=\"async\" class=\"alignnone size-full wp-image-11235\" src=\"https:\/\/dismag.com.br\/wp-content\/uploads\/2023\/11\/iScreen-Shoter-Pre-Visualizacao-231130143259.png\" alt=\"\" width=\"929\" height=\"1135\" srcset=\"https:\/\/dismag.com.br\/wp-content\/uploads\/2023\/11\/iScreen-Shoter-Pre-Visualizacao-231130143259.png 929w, https:\/\/dismag.com.br\/wp-content\/uploads\/2023\/11\/iScreen-Shoter-Pre-Visualizacao-231130143259-246x300.png 246w, https:\/\/dismag.com.br\/wp-content\/uploads\/2023\/11\/iScreen-Shoter-Pre-Visualizacao-231130143259-838x1024.png 838w, https:\/\/dismag.com.br\/wp-content\/uploads\/2023\/11\/iScreen-Shoter-Pre-Visualizacao-231130143259-768x938.png 768w, https:\/\/dismag.com.br\/wp-content\/uploads\/2023\/11\/iScreen-Shoter-Pre-Visualizacao-231130143259-500x611.png 500w\" sizes=\"(max-width: 929px) 100vw, 929px\" \/><\/p>\n","protected":false},"featured_media":11237,"template":"","meta":{"_joinchat":[]},"product_brand":[],"product_cat":[333,104],"product_tag":[],"class_list":{"0":"post-11233","1":"product","2":"type-product","3":"status-publish","4":"has-post-thumbnail","6":"product_cat-rtk","7":"product_cat-valvulas","9":"first","10":"instock","11":"shipping-taxable","12":"product-type-simple"},"_links":{"self":[{"href":"https:\/\/dismag.com.br\/index.php\/wp-json\/wp\/v2\/product\/11233"}],"collection":[{"href":"https:\/\/dismag.com.br\/index.php\/wp-json\/wp\/v2\/product"}],"about":[{"href":"https:\/\/dismag.com.br\/index.php\/wp-json\/wp\/v2\/types\/product"}],"version-history":[{"count":1,"href":"https:\/\/dismag.com.br\/index.php\/wp-json\/wp\/v2\/product\/11233\/revisions"}],"predecessor-version":[{"id":11236,"href":"https:\/\/dismag.com.br\/index.php\/wp-json\/wp\/v2\/product\/11233\/revisions\/11236"}],"wp:featuredmedia":[{"embeddable":true,"href":"https:\/\/dismag.com.br\/index.php\/wp-json\/wp\/v2\/media\/11237"}],"wp:attachment":[{"href":"https:\/\/dismag.com.br\/index.php\/wp-json\/wp\/v2\/media?parent=11233"}],"wp:term":[{"taxonomy":"product_brand","embeddable":true,"href":"https:\/\/dismag.com.br\/index.php\/wp-json\/wp\/v2\/product_brand?post=11233"},{"taxonomy":"product_cat","embeddable":true,"href":"https:\/\/dismag.com.br\/index.php\/wp-json\/wp\/v2\/product_cat?post=11233"},{"taxonomy":"product_tag","embeddable":true,"href":"https:\/\/dismag.com.br\/index.php\/wp-json\/wp\/v2\/product_tag?post=11233"}],"curies":[{"name":"wp","href":"https:\/\/api.w.org\/{rel}","templated":true}]}}