{"id":11246,"date":"2023-11-30T15:37:27","date_gmt":"2023-11-30T18:37:27","guid":{"rendered":"https:\/\/dismag.com.br\/?post_type=product&#038;p=11246"},"modified":"2023-12-04T15:29:05","modified_gmt":"2023-12-04T18:29:05","slug":"atuadores-pneumaticos-st-6100-rtk","status":"publish","type":"product","link":"https:\/\/dismag.com.br\/index.php\/produto\/atuadores-pneumaticos-st-6100-rtk\/","title":{"rendered":"Atuadores pneum\u00e1ticos ST 6100 &#8211; RTK"},"content":{"rendered":"","protected":false},"excerpt":{"rendered":"<h5>Atuadores pneum\u00e1ticos para v\u00e1lvulas de controle e liga\/desliga:<\/h5>\n<p>\u2022 Aprovado pela Inspec\u00e7\u00e3o T\u00e9cnica Alem\u00e3 (T\u00dcV) como dispositivo funcional de seguran\u00e7a para vapor e \u00e1gua em sistemas de aquecimento.<br \/>\n\u2022 Mola fechada ou aberta<br \/>\n\u2022 Curso m\u00e1x.60mm<br \/>\n\u2022 Fornecimento m\u00e1ximo de ar6bar<br \/>\n\u2022 For\u00e7a de atua\u00e7\u00e3o m\u00e1x.10kN<br \/>\n\u2022 Montagem direta do posicionador com suprimento de ar interno<br \/>\n\u2022 Aplica\u00e7\u00f5es especiais poss\u00edveis<br \/>\n-C5-M resistente ao ar marinho<br \/>\n-OX Para oxig\u00eanio como meio operacional<\/p>\n<p>&nbsp;<\/p>\n<p><img fetchpriority=\"high\" decoding=\"async\" class=\"alignnone size-full wp-image-11247\" src=\"https:\/\/dismag.com.br\/wp-content\/uploads\/2023\/11\/iScreen-Shoter-Pre-Visualizacao-231130153848.png\" alt=\"\" width=\"960\" height=\"1196\" srcset=\"https:\/\/dismag.com.br\/wp-content\/uploads\/2023\/11\/iScreen-Shoter-Pre-Visualizacao-231130153848.png 960w, https:\/\/dismag.com.br\/wp-content\/uploads\/2023\/11\/iScreen-Shoter-Pre-Visualizacao-231130153848-241x300.png 241w, https:\/\/dismag.com.br\/wp-content\/uploads\/2023\/11\/iScreen-Shoter-Pre-Visualizacao-231130153848-822x1024.png 822w, https:\/\/dismag.com.br\/wp-content\/uploads\/2023\/11\/iScreen-Shoter-Pre-Visualizacao-231130153848-768x957.png 768w, https:\/\/dismag.com.br\/wp-content\/uploads\/2023\/11\/iScreen-Shoter-Pre-Visualizacao-231130153848-500x623.png 500w\" sizes=\"(max-width: 960px) 100vw, 960px\" \/><\/p>\n","protected":false},"featured_media":11248,"template":"","meta":{"_joinchat":[]},"product_brand":[],"product_cat":[333,104],"product_tag":[],"class_list":{"0":"post-11246","1":"product","2":"type-product","3":"status-publish","4":"has-post-thumbnail","6":"product_cat-rtk","7":"product_cat-valvulas","9":"first","10":"instock","11":"shipping-taxable","12":"product-type-simple"},"_links":{"self":[{"href":"https:\/\/dismag.com.br\/index.php\/wp-json\/wp\/v2\/product\/11246"}],"collection":[{"href":"https:\/\/dismag.com.br\/index.php\/wp-json\/wp\/v2\/product"}],"about":[{"href":"https:\/\/dismag.com.br\/index.php\/wp-json\/wp\/v2\/types\/product"}],"version-history":[{"count":1,"href":"https:\/\/dismag.com.br\/index.php\/wp-json\/wp\/v2\/product\/11246\/revisions"}],"predecessor-version":[{"id":11249,"href":"https:\/\/dismag.com.br\/index.php\/wp-json\/wp\/v2\/product\/11246\/revisions\/11249"}],"wp:featuredmedia":[{"embeddable":true,"href":"https:\/\/dismag.com.br\/index.php\/wp-json\/wp\/v2\/media\/11248"}],"wp:attachment":[{"href":"https:\/\/dismag.com.br\/index.php\/wp-json\/wp\/v2\/media?parent=11246"}],"wp:term":[{"taxonomy":"product_brand","embeddable":true,"href":"https:\/\/dismag.com.br\/index.php\/wp-json\/wp\/v2\/product_brand?post=11246"},{"taxonomy":"product_cat","embeddable":true,"href":"https:\/\/dismag.com.br\/index.php\/wp-json\/wp\/v2\/product_cat?post=11246"},{"taxonomy":"product_tag","embeddable":true,"href":"https:\/\/dismag.com.br\/index.php\/wp-json\/wp\/v2\/product_tag?post=11246"}],"curies":[{"name":"wp","href":"https:\/\/api.w.org\/{rel}","templated":true}]}}