{"id":11254,"date":"2023-11-30T15:57:00","date_gmt":"2023-11-30T18:57:00","guid":{"rendered":"https:\/\/dismag.com.br\/?post_type=product&#038;p=11254"},"modified":"2023-12-04T15:29:18","modified_gmt":"2023-12-04T18:29:18","slug":"reguladores-de-pressao-com-conexao-de-controle-externo-dm-613-rtk","status":"publish","type":"product","link":"https:\/\/dismag.com.br\/index.php\/produto\/reguladores-de-pressao-com-conexao-de-controle-externo-dm-613-rtk\/","title":{"rendered":"Reguladores de press\u00e3o com conex\u00e3o de controle externo DM 613 &#8211; RTK"},"content":{"rendered":"","protected":false},"excerpt":{"rendered":"<h5>Reguladores redutores de press\u00e3o para controle da press\u00e3o a jusante p2, aplic\u00e1veis \u200b\u200bpara l\u00edquidos, vapor e gases at\u00e9 130 \u00b0C. O regulador fecha quando a press\u00e3o a jusante aumenta:<\/h5>\n<p>\u2022 Regulador proporcional autooperado sem energia auxiliar<br \/>\n\u2022 V\u00e1lvula globo com sede simples sem balanceamento \/ sede simples balanceada<br \/>\n\u2022 Pontos de ajuste de 0,02bar a 10bar<br \/>\n\u2022 Conex\u00e3o de controle externo<\/p>\n<p>&nbsp;<\/p>\n<p><img fetchpriority=\"high\" decoding=\"async\" class=\"alignnone size-full wp-image-11255\" src=\"https:\/\/dismag.com.br\/wp-content\/uploads\/2023\/11\/iScreen-Shoter-Pre-Visualizacao-231130160008.png\" alt=\"\" width=\"858\" height=\"739\" srcset=\"https:\/\/dismag.com.br\/wp-content\/uploads\/2023\/11\/iScreen-Shoter-Pre-Visualizacao-231130160008.png 858w, https:\/\/dismag.com.br\/wp-content\/uploads\/2023\/11\/iScreen-Shoter-Pre-Visualizacao-231130160008-300x258.png 300w, https:\/\/dismag.com.br\/wp-content\/uploads\/2023\/11\/iScreen-Shoter-Pre-Visualizacao-231130160008-768x661.png 768w, https:\/\/dismag.com.br\/wp-content\/uploads\/2023\/11\/iScreen-Shoter-Pre-Visualizacao-231130160008-500x431.png 500w\" sizes=\"(max-width: 858px) 100vw, 858px\" \/><\/p>\n","protected":false},"featured_media":11256,"template":"","meta":{"_joinchat":[]},"product_brand":[],"product_cat":[333,104],"product_tag":[],"class_list":{"0":"post-11254","1":"product","2":"type-product","3":"status-publish","4":"has-post-thumbnail","6":"product_cat-rtk","7":"product_cat-valvulas","9":"first","10":"instock","11":"shipping-taxable","12":"product-type-simple"},"_links":{"self":[{"href":"https:\/\/dismag.com.br\/index.php\/wp-json\/wp\/v2\/product\/11254"}],"collection":[{"href":"https:\/\/dismag.com.br\/index.php\/wp-json\/wp\/v2\/product"}],"about":[{"href":"https:\/\/dismag.com.br\/index.php\/wp-json\/wp\/v2\/types\/product"}],"version-history":[{"count":1,"href":"https:\/\/dismag.com.br\/index.php\/wp-json\/wp\/v2\/product\/11254\/revisions"}],"predecessor-version":[{"id":11257,"href":"https:\/\/dismag.com.br\/index.php\/wp-json\/wp\/v2\/product\/11254\/revisions\/11257"}],"wp:featuredmedia":[{"embeddable":true,"href":"https:\/\/dismag.com.br\/index.php\/wp-json\/wp\/v2\/media\/11256"}],"wp:attachment":[{"href":"https:\/\/dismag.com.br\/index.php\/wp-json\/wp\/v2\/media?parent=11254"}],"wp:term":[{"taxonomy":"product_brand","embeddable":true,"href":"https:\/\/dismag.com.br\/index.php\/wp-json\/wp\/v2\/product_brand?post=11254"},{"taxonomy":"product_cat","embeddable":true,"href":"https:\/\/dismag.com.br\/index.php\/wp-json\/wp\/v2\/product_cat?post=11254"},{"taxonomy":"product_tag","embeddable":true,"href":"https:\/\/dismag.com.br\/index.php\/wp-json\/wp\/v2\/product_tag?post=11254"}],"curies":[{"name":"wp","href":"https:\/\/api.w.org\/{rel}","templated":true}]}}