{"id":11258,"date":"2023-11-30T17:30:30","date_gmt":"2023-11-30T20:30:30","guid":{"rendered":"https:\/\/dismag.com.br\/?post_type=product&#038;p=11258"},"modified":"2023-12-04T15:29:24","modified_gmt":"2023-12-04T18:29:24","slug":"reguladores-de-pressao-com-conexao-de-controle-externo-dm-652-dm-664-rtk","status":"publish","type":"product","link":"https:\/\/dismag.com.br\/index.php\/produto\/reguladores-de-pressao-com-conexao-de-controle-externo-dm-652-dm-664-rtk\/","title":{"rendered":"Reguladores de press\u00e3o com conex\u00e3o de controle externo DM 652 \/ DM 664 &#8211; RTK"},"content":{"rendered":"","protected":false},"excerpt":{"rendered":"<h5>Reguladores redutores de press\u00e3o para controle da press\u00e3o a jusante p2, aplic\u00e1veis \u200b\u200bpara l\u00edquidos, vapor e gases at\u00e9 190 \u00b0C. O regulador fecha quando a press\u00e3o a jusante aumenta:<\/h5>\n<p>\u2022 Regulador proporcional autooperado sem energia auxiliar<br \/>\n\u2022 V\u00e1lvula globo com sede simples sem balanceamento \/ sede simples balanceada<br \/>\n\u2022 Pontos de ajuste de 0,02bar a 10bar<br \/>\n\u2022 Conex\u00e3o de controle externo<br \/>\n\u2022 Instala\u00e7\u00e3o f\u00e1cil<br \/>\n\u2022 DM664 somente at\u00e9 130\u00b0C (n\u00e3o somente vapor)<\/p>\n<p>&nbsp;<\/p>\n<p><img fetchpriority=\"high\" decoding=\"async\" class=\"alignnone size-full wp-image-11259\" src=\"https:\/\/dismag.com.br\/wp-content\/uploads\/2023\/11\/iScreen-Shoter-Pre-Visualizacao-231130173201.png\" alt=\"\" width=\"860\" height=\"772\" srcset=\"https:\/\/dismag.com.br\/wp-content\/uploads\/2023\/11\/iScreen-Shoter-Pre-Visualizacao-231130173201.png 860w, https:\/\/dismag.com.br\/wp-content\/uploads\/2023\/11\/iScreen-Shoter-Pre-Visualizacao-231130173201-300x269.png 300w, https:\/\/dismag.com.br\/wp-content\/uploads\/2023\/11\/iScreen-Shoter-Pre-Visualizacao-231130173201-768x689.png 768w, https:\/\/dismag.com.br\/wp-content\/uploads\/2023\/11\/iScreen-Shoter-Pre-Visualizacao-231130173201-500x449.png 500w\" sizes=\"(max-width: 860px) 100vw, 860px\" \/><\/p>\n","protected":false},"featured_media":11260,"template":"","meta":{"_joinchat":[]},"product_brand":[],"product_cat":[333,104],"product_tag":[],"class_list":{"0":"post-11258","1":"product","2":"type-product","3":"status-publish","4":"has-post-thumbnail","6":"product_cat-rtk","7":"product_cat-valvulas","9":"first","10":"instock","11":"shipping-taxable","12":"product-type-simple"},"_links":{"self":[{"href":"https:\/\/dismag.com.br\/index.php\/wp-json\/wp\/v2\/product\/11258"}],"collection":[{"href":"https:\/\/dismag.com.br\/index.php\/wp-json\/wp\/v2\/product"}],"about":[{"href":"https:\/\/dismag.com.br\/index.php\/wp-json\/wp\/v2\/types\/product"}],"version-history":[{"count":1,"href":"https:\/\/dismag.com.br\/index.php\/wp-json\/wp\/v2\/product\/11258\/revisions"}],"predecessor-version":[{"id":11261,"href":"https:\/\/dismag.com.br\/index.php\/wp-json\/wp\/v2\/product\/11258\/revisions\/11261"}],"wp:featuredmedia":[{"embeddable":true,"href":"https:\/\/dismag.com.br\/index.php\/wp-json\/wp\/v2\/media\/11260"}],"wp:attachment":[{"href":"https:\/\/dismag.com.br\/index.php\/wp-json\/wp\/v2\/media?parent=11258"}],"wp:term":[{"taxonomy":"product_brand","embeddable":true,"href":"https:\/\/dismag.com.br\/index.php\/wp-json\/wp\/v2\/product_brand?post=11258"},{"taxonomy":"product_cat","embeddable":true,"href":"https:\/\/dismag.com.br\/index.php\/wp-json\/wp\/v2\/product_cat?post=11258"},{"taxonomy":"product_tag","embeddable":true,"href":"https:\/\/dismag.com.br\/index.php\/wp-json\/wp\/v2\/product_tag?post=11258"}],"curies":[{"name":"wp","href":"https:\/\/api.w.org\/{rel}","templated":true}]}}