{"id":11266,"date":"2023-11-30T17:42:56","date_gmt":"2023-11-30T20:42:56","guid":{"rendered":"https:\/\/dismag.com.br\/?post_type=product&#038;p=11266"},"modified":"2023-12-04T15:30:50","modified_gmt":"2023-12-04T18:30:50","slug":"reguladores-de-excesso-de-pressao-com-conexao-de-controle-externo-uv-4-1-rtk","status":"publish","type":"product","link":"https:\/\/dismag.com.br\/index.php\/produto\/reguladores-de-excesso-de-pressao-com-conexao-de-controle-externo-uv-4-1-rtk\/","title":{"rendered":"Reguladores de excesso de press\u00e3o com conex\u00e3o de controle externo UV 4.1 &#8211; RTK"},"content":{"rendered":"","protected":false},"excerpt":{"rendered":"<h5>Reguladores redutores de press\u00e3o para controle da press\u00e3o a jusante p1, aplic\u00e1veis \u200b\u200bpara l\u00edquidos, vapor e gases at\u00e9 + 200 \u00b0C. O regulador fecha quando a press\u00e3o a jusante aumenta:<\/h5>\n<p>\u2022 Regulador proporcional autooperado sem energia auxiliar<br \/>\n\u2022 V\u00e1lvula globo com sede simples n\u00e3o balanceada \/ sede simples balanceada<br \/>\n\u2022 Pontos de ajuste de 0,02bar a 10bar<br \/>\n\u2022 Conex\u00e3o de controle externo<br \/>\n\u2022 Instala\u00e7\u00e3o f\u00e1cil<\/p>\n<p>&nbsp;<\/p>\n<p><img fetchpriority=\"high\" decoding=\"async\" class=\"alignnone size-full wp-image-11267\" src=\"https:\/\/dismag.com.br\/wp-content\/uploads\/2023\/11\/iScreen-Shoter-Pre-Visualizacao-231201090944.png\" alt=\"\" width=\"904\" height=\"842\" srcset=\"https:\/\/dismag.com.br\/wp-content\/uploads\/2023\/11\/iScreen-Shoter-Pre-Visualizacao-231201090944.png 904w, https:\/\/dismag.com.br\/wp-content\/uploads\/2023\/11\/iScreen-Shoter-Pre-Visualizacao-231201090944-300x279.png 300w, https:\/\/dismag.com.br\/wp-content\/uploads\/2023\/11\/iScreen-Shoter-Pre-Visualizacao-231201090944-768x715.png 768w, https:\/\/dismag.com.br\/wp-content\/uploads\/2023\/11\/iScreen-Shoter-Pre-Visualizacao-231201090944-500x466.png 500w\" sizes=\"(max-width: 904px) 100vw, 904px\" \/><\/p>\n","protected":false},"featured_media":11268,"template":"","meta":{"_joinchat":[]},"product_brand":[],"product_cat":[333,104],"product_tag":[],"class_list":{"0":"post-11266","1":"product","2":"type-product","3":"status-publish","4":"has-post-thumbnail","6":"product_cat-rtk","7":"product_cat-valvulas","9":"first","10":"instock","11":"shipping-taxable","12":"product-type-simple"},"_links":{"self":[{"href":"https:\/\/dismag.com.br\/index.php\/wp-json\/wp\/v2\/product\/11266"}],"collection":[{"href":"https:\/\/dismag.com.br\/index.php\/wp-json\/wp\/v2\/product"}],"about":[{"href":"https:\/\/dismag.com.br\/index.php\/wp-json\/wp\/v2\/types\/product"}],"version-history":[{"count":0,"href":"https:\/\/dismag.com.br\/index.php\/wp-json\/wp\/v2\/product\/11266\/revisions"}],"wp:featuredmedia":[{"embeddable":true,"href":"https:\/\/dismag.com.br\/index.php\/wp-json\/wp\/v2\/media\/11268"}],"wp:attachment":[{"href":"https:\/\/dismag.com.br\/index.php\/wp-json\/wp\/v2\/media?parent=11266"}],"wp:term":[{"taxonomy":"product_brand","embeddable":true,"href":"https:\/\/dismag.com.br\/index.php\/wp-json\/wp\/v2\/product_brand?post=11266"},{"taxonomy":"product_cat","embeddable":true,"href":"https:\/\/dismag.com.br\/index.php\/wp-json\/wp\/v2\/product_cat?post=11266"},{"taxonomy":"product_tag","embeddable":true,"href":"https:\/\/dismag.com.br\/index.php\/wp-json\/wp\/v2\/product_tag?post=11266"}],"curies":[{"name":"wp","href":"https:\/\/api.w.org\/{rel}","templated":true}]}}