{"id":11269,"date":"2023-12-01T09:15:06","date_gmt":"2023-12-01T12:15:06","guid":{"rendered":"https:\/\/dismag.com.br\/?post_type=product&#038;p=11269"},"modified":"2023-12-04T15:30:58","modified_gmt":"2023-12-04T18:30:58","slug":"valvulas-de-parada-manuais-com-vedacao-de-fole-hv-8014-hv-8214-rtk","status":"publish","type":"product","link":"https:\/\/dismag.com.br\/index.php\/produto\/valvulas-de-parada-manuais-com-vedacao-de-fole-hv-8014-hv-8214-rtk\/","title":{"rendered":"V\u00e1lvulas de parada manuais com veda\u00e7\u00e3o de fole HV 8014 \/ HV 8214 &#8211; RTK"},"content":{"rendered":"","protected":false},"excerpt":{"rendered":"<div class=\"page\" title=\"Page 37\">\n<div class=\"section\">\n<div class=\"layoutArea\">\n<div class=\"column\">\n<h5>Series:<\/h5>\n<ul>\n<li>HV 8014<\/li>\n<li>HV 8214<\/li>\n<\/ul>\n<div class=\"page\" title=\"Page 37\">\n<div class=\"section\">\n<div class=\"layoutArea\">\n<div class=\"column\">\n<h5><\/h5>\n<h5>V\u00e1lvulas de corte manuais para \u00e1gua, vapor, ar, \u00f3leo t\u00e9rmico e outros fluidos neutros e n\u00e3o agressivos at\u00e9 +400 \u00b0C:<\/h5>\n<div class=\"page\" title=\"Page 37\">\n<div class=\"section\">\n<div class=\"layoutArea\">\n<div class=\"column\">\n<ul>\n<li>Altos valores Kvs (valores Zeta favor\u00e1veis)<\/li>\n<li>Alta estanqueidade<\/li>\n<li>Haste roscada externa<\/li>\n<li>Sem volante ascendente<\/li>\n<li>Indicador de curso remov\u00edvel Livre de manuten\u00e7\u00e3o<\/li>\n<\/ul>\n<\/div>\n<p><img fetchpriority=\"high\" decoding=\"async\" class=\"alignnone size-full wp-image-11271\" src=\"https:\/\/dismag.com.br\/wp-content\/uploads\/2023\/12\/iScreen-Shoter-Pre-Visualizacao-231201092455.png\" alt=\"\" width=\"1058\" height=\"689\" srcset=\"https:\/\/dismag.com.br\/wp-content\/uploads\/2023\/12\/iScreen-Shoter-Pre-Visualizacao-231201092455.png 1058w, https:\/\/dismag.com.br\/wp-content\/uploads\/2023\/12\/iScreen-Shoter-Pre-Visualizacao-231201092455-300x195.png 300w, https:\/\/dismag.com.br\/wp-content\/uploads\/2023\/12\/iScreen-Shoter-Pre-Visualizacao-231201092455-1024x667.png 1024w, https:\/\/dismag.com.br\/wp-content\/uploads\/2023\/12\/iScreen-Shoter-Pre-Visualizacao-231201092455-768x500.png 768w, https:\/\/dismag.com.br\/wp-content\/uploads\/2023\/12\/iScreen-Shoter-Pre-Visualizacao-231201092455-500x326.png 500w\" sizes=\"(max-width: 1058px) 100vw, 1058px\" \/><\/p>\n<\/div>\n<\/div>\n<\/div>\n<\/div>\n<\/div>\n<\/div>\n<\/div>\n<\/div>\n<\/div>\n<\/div>\n<\/div>\n","protected":false},"featured_media":11270,"template":"","meta":{"_joinchat":[]},"product_brand":[],"product_cat":[333,104],"product_tag":[],"class_list":{"0":"post-11269","1":"product","2":"type-product","3":"status-publish","4":"has-post-thumbnail","6":"product_cat-rtk","7":"product_cat-valvulas","9":"first","10":"instock","11":"shipping-taxable","12":"product-type-simple"},"_links":{"self":[{"href":"https:\/\/dismag.com.br\/index.php\/wp-json\/wp\/v2\/product\/11269"}],"collection":[{"href":"https:\/\/dismag.com.br\/index.php\/wp-json\/wp\/v2\/product"}],"about":[{"href":"https:\/\/dismag.com.br\/index.php\/wp-json\/wp\/v2\/types\/product"}],"version-history":[{"count":1,"href":"https:\/\/dismag.com.br\/index.php\/wp-json\/wp\/v2\/product\/11269\/revisions"}],"predecessor-version":[{"id":11272,"href":"https:\/\/dismag.com.br\/index.php\/wp-json\/wp\/v2\/product\/11269\/revisions\/11272"}],"wp:featuredmedia":[{"embeddable":true,"href":"https:\/\/dismag.com.br\/index.php\/wp-json\/wp\/v2\/media\/11270"}],"wp:attachment":[{"href":"https:\/\/dismag.com.br\/index.php\/wp-json\/wp\/v2\/media?parent=11269"}],"wp:term":[{"taxonomy":"product_brand","embeddable":true,"href":"https:\/\/dismag.com.br\/index.php\/wp-json\/wp\/v2\/product_brand?post=11269"},{"taxonomy":"product_cat","embeddable":true,"href":"https:\/\/dismag.com.br\/index.php\/wp-json\/wp\/v2\/product_cat?post=11269"},{"taxonomy":"product_tag","embeddable":true,"href":"https:\/\/dismag.com.br\/index.php\/wp-json\/wp\/v2\/product_tag?post=11269"}],"curies":[{"name":"wp","href":"https:\/\/api.w.org\/{rel}","templated":true}]}}