{"id":11281,"date":"2023-12-01T10:12:19","date_gmt":"2023-12-01T13:12:19","guid":{"rendered":"https:\/\/dismag.com.br\/?post_type=product&#038;p=11281"},"modified":"2023-12-04T15:31:14","modified_gmt":"2023-12-04T18:31:14","slug":"sensores-de-nivel-ni-1300-rtk","status":"publish","type":"product","link":"https:\/\/dismag.com.br\/index.php\/produto\/sensores-de-nivel-ni-1300-rtk\/","title":{"rendered":"Sensores de n\u00edvel NI 1300 &#8211; RTK"},"content":{"rendered":"","protected":false},"excerpt":{"rendered":"<h5>Vers\u00e3o padr\u00e3o:<\/h5>\n<p>\u2022 Componente T\u00dcV testado WR. 12-416<br \/>\n\u2022 Sistema de medi\u00e7\u00e3o eletr\u00f4nico: Tecnologia anal\u00f3gica, adequado para instala\u00e7\u00f5es nucleares<br \/>\n\u2022 Vers\u00e3o dispon\u00edvel com choque e vibra\u00e7\u00e3o ou testes de terremotos mediante solicita\u00e7\u00e3o.<br \/>\n\u2022 Faixa de medi\u00e7\u00e3o de 150 a 4000 mm<br \/>\n\u2022 Boa estabilidade de temperatura<br \/>\n\u2022 Excelente precis\u00e3o de medi\u00e7\u00e3o<br \/>\n\u2022 Display LED de tend\u00eancias<br \/>\n\u2022 Rosca de conex\u00e3oG1<\/p>\n<p>&nbsp;<\/p>\n<p><img fetchpriority=\"high\" decoding=\"async\" class=\"alignnone size-full wp-image-11282\" src=\"https:\/\/dismag.com.br\/wp-content\/uploads\/2023\/12\/iScreen-Shoter-Pre-Visualizacao-231201101841.png\" alt=\"\" width=\"849\" height=\"1277\" srcset=\"https:\/\/dismag.com.br\/wp-content\/uploads\/2023\/12\/iScreen-Shoter-Pre-Visualizacao-231201101841.png 849w, https:\/\/dismag.com.br\/wp-content\/uploads\/2023\/12\/iScreen-Shoter-Pre-Visualizacao-231201101841-199x300.png 199w, https:\/\/dismag.com.br\/wp-content\/uploads\/2023\/12\/iScreen-Shoter-Pre-Visualizacao-231201101841-681x1024.png 681w, https:\/\/dismag.com.br\/wp-content\/uploads\/2023\/12\/iScreen-Shoter-Pre-Visualizacao-231201101841-768x1155.png 768w, https:\/\/dismag.com.br\/wp-content\/uploads\/2023\/12\/iScreen-Shoter-Pre-Visualizacao-231201101841-500x752.png 500w\" sizes=\"(max-width: 849px) 100vw, 849px\" \/><\/p>\n","protected":false},"featured_media":11283,"template":"","meta":{"_joinchat":[]},"product_brand":[],"product_cat":[333,104],"product_tag":[],"class_list":{"0":"post-11281","1":"product","2":"type-product","3":"status-publish","4":"has-post-thumbnail","6":"product_cat-rtk","7":"product_cat-valvulas","9":"first","10":"instock","11":"shipping-taxable","12":"product-type-simple"},"_links":{"self":[{"href":"https:\/\/dismag.com.br\/index.php\/wp-json\/wp\/v2\/product\/11281"}],"collection":[{"href":"https:\/\/dismag.com.br\/index.php\/wp-json\/wp\/v2\/product"}],"about":[{"href":"https:\/\/dismag.com.br\/index.php\/wp-json\/wp\/v2\/types\/product"}],"version-history":[{"count":0,"href":"https:\/\/dismag.com.br\/index.php\/wp-json\/wp\/v2\/product\/11281\/revisions"}],"wp:featuredmedia":[{"embeddable":true,"href":"https:\/\/dismag.com.br\/index.php\/wp-json\/wp\/v2\/media\/11283"}],"wp:attachment":[{"href":"https:\/\/dismag.com.br\/index.php\/wp-json\/wp\/v2\/media?parent=11281"}],"wp:term":[{"taxonomy":"product_brand","embeddable":true,"href":"https:\/\/dismag.com.br\/index.php\/wp-json\/wp\/v2\/product_brand?post=11281"},{"taxonomy":"product_cat","embeddable":true,"href":"https:\/\/dismag.com.br\/index.php\/wp-json\/wp\/v2\/product_cat?post=11281"},{"taxonomy":"product_tag","embeddable":true,"href":"https:\/\/dismag.com.br\/index.php\/wp-json\/wp\/v2\/product_tag?post=11281"}],"curies":[{"name":"wp","href":"https:\/\/api.w.org\/{rel}","templated":true}]}}