{"id":11284,"date":"2023-12-01T10:54:39","date_gmt":"2023-12-01T13:54:39","guid":{"rendered":"https:\/\/dismag.com.br\/?post_type=product&#038;p=11284"},"modified":"2023-12-04T15:31:20","modified_gmt":"2023-12-04T18:31:20","slug":"estacao-eletronica-de-medicao-de-pressao-dr-1226-dr-1226-k-rtk","status":"publish","type":"product","link":"https:\/\/dismag.com.br\/index.php\/produto\/estacao-eletronica-de-medicao-de-pressao-dr-1226-dr-1226-k-rtk\/","title":{"rendered":"Esta\u00e7\u00e3o eletr\u00f4nica de medi\u00e7\u00e3o de press\u00e3o DR 1226 \/ DR 1226-K &#8211; RTK"},"content":{"rendered":"","protected":false},"excerpt":{"rendered":"<h5>Esta\u00e7\u00e3o eletr\u00f4nica de medi\u00e7\u00e3o de press\u00e3o para uso em sistemas de aquecimento e refrigera\u00e7\u00e3o, adequada para gases e l\u00edquidos:<\/h5>\n<p>\u2022 Piezoresistivo<br \/>\n\u2022 Faixa de medi\u00e7\u00e3o at\u00e9 60 barg \u2022 Fonte de alimenta\u00e7\u00e3o 12&#8230;30 VCC<br \/>\n\u2022 Comman\u00f4metro<br \/>\n\u2022 Sistema de dois fios<br \/>\n\u2022 Classifica\u00e7\u00e3o de prote\u00e7\u00e3o IP54<\/p>\n<p>&nbsp;<\/p>\n<p><img fetchpriority=\"high\" decoding=\"async\" class=\"alignnone size-full wp-image-11285\" src=\"https:\/\/dismag.com.br\/wp-content\/uploads\/2023\/12\/iScreen-Shoter-Pre-Visualizacao-231201105612.png\" alt=\"\" width=\"1009\" height=\"614\" srcset=\"https:\/\/dismag.com.br\/wp-content\/uploads\/2023\/12\/iScreen-Shoter-Pre-Visualizacao-231201105612.png 1009w, https:\/\/dismag.com.br\/wp-content\/uploads\/2023\/12\/iScreen-Shoter-Pre-Visualizacao-231201105612-300x183.png 300w, https:\/\/dismag.com.br\/wp-content\/uploads\/2023\/12\/iScreen-Shoter-Pre-Visualizacao-231201105612-768x467.png 768w, https:\/\/dismag.com.br\/wp-content\/uploads\/2023\/12\/iScreen-Shoter-Pre-Visualizacao-231201105612-500x304.png 500w\" sizes=\"(max-width: 1009px) 100vw, 1009px\" \/><\/p>\n","protected":false},"featured_media":11286,"template":"","meta":{"_joinchat":[]},"product_brand":[],"product_cat":[333,104],"product_tag":[],"class_list":{"0":"post-11284","1":"product","2":"type-product","3":"status-publish","4":"has-post-thumbnail","6":"product_cat-rtk","7":"product_cat-valvulas","9":"first","10":"instock","11":"shipping-taxable","12":"product-type-simple"},"_links":{"self":[{"href":"https:\/\/dismag.com.br\/index.php\/wp-json\/wp\/v2\/product\/11284"}],"collection":[{"href":"https:\/\/dismag.com.br\/index.php\/wp-json\/wp\/v2\/product"}],"about":[{"href":"https:\/\/dismag.com.br\/index.php\/wp-json\/wp\/v2\/types\/product"}],"version-history":[{"count":0,"href":"https:\/\/dismag.com.br\/index.php\/wp-json\/wp\/v2\/product\/11284\/revisions"}],"wp:featuredmedia":[{"embeddable":true,"href":"https:\/\/dismag.com.br\/index.php\/wp-json\/wp\/v2\/media\/11286"}],"wp:attachment":[{"href":"https:\/\/dismag.com.br\/index.php\/wp-json\/wp\/v2\/media?parent=11284"}],"wp:term":[{"taxonomy":"product_brand","embeddable":true,"href":"https:\/\/dismag.com.br\/index.php\/wp-json\/wp\/v2\/product_brand?post=11284"},{"taxonomy":"product_cat","embeddable":true,"href":"https:\/\/dismag.com.br\/index.php\/wp-json\/wp\/v2\/product_cat?post=11284"},{"taxonomy":"product_tag","embeddable":true,"href":"https:\/\/dismag.com.br\/index.php\/wp-json\/wp\/v2\/product_tag?post=11284"}],"curies":[{"name":"wp","href":"https:\/\/api.w.org\/{rel}","templated":true}]}}