{"id":11287,"date":"2023-12-01T10:58:05","date_gmt":"2023-12-01T13:58:05","guid":{"rendered":"https:\/\/dismag.com.br\/?post_type=product&#038;p=11287"},"modified":"2023-12-04T15:31:26","modified_gmt":"2023-12-04T18:31:26","slug":"estacao-eletronica-de-medicao-de-pressao-ng-1534-rtk","status":"publish","type":"product","link":"https:\/\/dismag.com.br\/index.php\/produto\/estacao-eletronica-de-medicao-de-pressao-ng-1534-rtk\/","title":{"rendered":"Esta\u00e7\u00e3o eletr\u00f4nica de medi\u00e7\u00e3o de press\u00e3o NG 1534 &#8211; RTK"},"content":{"rendered":"","protected":false},"excerpt":{"rendered":"<h5>Fonte de alimenta\u00e7\u00e3o CA\/CC de modo comutado:<\/h5>\n<p>\u2022 Ampla faixa de entrada 85&#8230;264 VCA 85 &#8230; 375 V CC<br \/>\n\u2022 Sa\u00edda:24VDC\/24W \u2022 \u00c0 prova de curto-circuito<br \/>\n\u2022 Conformidade com: CEI\/EN60950 EN50178 e UL\/cUL60950, UL508C<br \/>\n\u2022 Conjunto de trilho DIN<br \/>\n\u2022 Temperatura ambiente-10\u00b0C a +70\u00b0C<\/p>\n<p>\u2022 Classifica\u00e7\u00e3o de prote\u00e7\u00e3oIP20<\/p>\n","protected":false},"featured_media":11288,"template":"","meta":{"_joinchat":[]},"product_brand":[],"product_cat":[333,104],"product_tag":[],"class_list":{"0":"post-11287","1":"product","2":"type-product","3":"status-publish","4":"has-post-thumbnail","6":"product_cat-rtk","7":"product_cat-valvulas","9":"first","10":"instock","11":"shipping-taxable","12":"product-type-simple"},"_links":{"self":[{"href":"https:\/\/dismag.com.br\/index.php\/wp-json\/wp\/v2\/product\/11287"}],"collection":[{"href":"https:\/\/dismag.com.br\/index.php\/wp-json\/wp\/v2\/product"}],"about":[{"href":"https:\/\/dismag.com.br\/index.php\/wp-json\/wp\/v2\/types\/product"}],"version-history":[{"count":0,"href":"https:\/\/dismag.com.br\/index.php\/wp-json\/wp\/v2\/product\/11287\/revisions"}],"wp:featuredmedia":[{"embeddable":true,"href":"https:\/\/dismag.com.br\/index.php\/wp-json\/wp\/v2\/media\/11288"}],"wp:attachment":[{"href":"https:\/\/dismag.com.br\/index.php\/wp-json\/wp\/v2\/media?parent=11287"}],"wp:term":[{"taxonomy":"product_brand","embeddable":true,"href":"https:\/\/dismag.com.br\/index.php\/wp-json\/wp\/v2\/product_brand?post=11287"},{"taxonomy":"product_cat","embeddable":true,"href":"https:\/\/dismag.com.br\/index.php\/wp-json\/wp\/v2\/product_cat?post=11287"},{"taxonomy":"product_tag","embeddable":true,"href":"https:\/\/dismag.com.br\/index.php\/wp-json\/wp\/v2\/product_tag?post=11287"}],"curies":[{"name":"wp","href":"https:\/\/api.w.org\/{rel}","templated":true}]}}