{"id":11289,"date":"2023-12-01T11:37:06","date_gmt":"2023-12-01T14:37:06","guid":{"rendered":"https:\/\/dismag.com.br\/?post_type=product&#038;p=11289"},"modified":"2023-12-04T15:31:32","modified_gmt":"2023-12-04T18:31:32","slug":"controladores-digitais-re-3000-rtk","status":"publish","type":"product","link":"https:\/\/dismag.com.br\/index.php\/produto\/controladores-digitais-re-3000-rtk\/","title":{"rendered":"Controladores digitais RE 3000 &#8211; RTK"},"content":{"rendered":"","protected":false},"excerpt":{"rendered":"<h5>Controladores digitais com controle PID RE3072\/73 livre configur\u00e1veis \u200b\u200bcomo:<\/h5>\n<p>\u2022 Controlador de 3 etapas para acionamento de atuadores el\u00e9tricos, por exemplo. Atuadores RTK s\u00e9rie ST 5100<\/p>\n<p>OU<\/p>\n<p>\u2022 Controlador cont\u00ednuo para acionamento de atuadores pneum\u00e1ticos com posicionador, por exemplo: s\u00e9rie RTK SR 6136, SR 6137<\/p>\n<p>&nbsp;<\/p>\n<h5>Entradas:<\/h5>\n<p>\u2022 Potenci\u00f4metro de feedback do atuador<\/p>\n<p>\u2022 Ponto de ajuste externo<\/p>\n<p>&nbsp;<\/p>\n<h5>\nRE3073\/RE3073M Adicional:<\/h5>\n<p>\u2022 Fun\u00e7\u00e3o de programador<br \/>\n\u2022 Segunda sa\u00edda anal\u00f3gica\/digital<\/p>\n<p>&nbsp;<\/p>\n<h5>\nA pedido:<\/h5>\n<p>\u2022 Interface RS485 ou Proibus DP<\/p>\n<p>&nbsp;<\/p>\n<p><img fetchpriority=\"high\" decoding=\"async\" class=\"alignnone size-full wp-image-11290\" src=\"https:\/\/dismag.com.br\/wp-content\/uploads\/2023\/12\/iScreen-Shoter-Pre-Visualizacao-231201113945.png\" alt=\"\" width=\"1010\" height=\"1067\" srcset=\"https:\/\/dismag.com.br\/wp-content\/uploads\/2023\/12\/iScreen-Shoter-Pre-Visualizacao-231201113945.png 1010w, https:\/\/dismag.com.br\/wp-content\/uploads\/2023\/12\/iScreen-Shoter-Pre-Visualizacao-231201113945-284x300.png 284w, https:\/\/dismag.com.br\/wp-content\/uploads\/2023\/12\/iScreen-Shoter-Pre-Visualizacao-231201113945-969x1024.png 969w, https:\/\/dismag.com.br\/wp-content\/uploads\/2023\/12\/iScreen-Shoter-Pre-Visualizacao-231201113945-768x811.png 768w, https:\/\/dismag.com.br\/wp-content\/uploads\/2023\/12\/iScreen-Shoter-Pre-Visualizacao-231201113945-500x528.png 500w\" sizes=\"(max-width: 1010px) 100vw, 1010px\" \/><\/p>\n","protected":false},"featured_media":11291,"template":"","meta":{"_joinchat":[]},"product_brand":[],"product_cat":[333,104],"product_tag":[],"class_list":{"0":"post-11289","1":"product","2":"type-product","3":"status-publish","4":"has-post-thumbnail","6":"product_cat-rtk","7":"product_cat-valvulas","9":"first","10":"instock","11":"shipping-taxable","12":"product-type-simple"},"_links":{"self":[{"href":"https:\/\/dismag.com.br\/index.php\/wp-json\/wp\/v2\/product\/11289"}],"collection":[{"href":"https:\/\/dismag.com.br\/index.php\/wp-json\/wp\/v2\/product"}],"about":[{"href":"https:\/\/dismag.com.br\/index.php\/wp-json\/wp\/v2\/types\/product"}],"version-history":[{"count":1,"href":"https:\/\/dismag.com.br\/index.php\/wp-json\/wp\/v2\/product\/11289\/revisions"}],"predecessor-version":[{"id":11292,"href":"https:\/\/dismag.com.br\/index.php\/wp-json\/wp\/v2\/product\/11289\/revisions\/11292"}],"wp:featuredmedia":[{"embeddable":true,"href":"https:\/\/dismag.com.br\/index.php\/wp-json\/wp\/v2\/media\/11291"}],"wp:attachment":[{"href":"https:\/\/dismag.com.br\/index.php\/wp-json\/wp\/v2\/media?parent=11289"}],"wp:term":[{"taxonomy":"product_brand","embeddable":true,"href":"https:\/\/dismag.com.br\/index.php\/wp-json\/wp\/v2\/product_brand?post=11289"},{"taxonomy":"product_cat","embeddable":true,"href":"https:\/\/dismag.com.br\/index.php\/wp-json\/wp\/v2\/product_cat?post=11289"},{"taxonomy":"product_tag","embeddable":true,"href":"https:\/\/dismag.com.br\/index.php\/wp-json\/wp\/v2\/product_tag?post=11289"}],"curies":[{"name":"wp","href":"https:\/\/api.w.org\/{rel}","templated":true}]}}