{"id":11293,"date":"2023-12-04T08:48:20","date_gmt":"2023-12-04T11:48:20","guid":{"rendered":"https:\/\/dismag.com.br\/?post_type=product&#038;p=11293"},"modified":"2023-12-04T15:31:39","modified_gmt":"2023-12-04T18:31:39","slug":"controladores-analogicos-re-3304-rtk","status":"publish","type":"product","link":"https:\/\/dismag.com.br\/index.php\/produto\/controladores-analogicos-re-3304-rtk\/","title":{"rendered":"Controladores anal\u00f3gicos RE 3304 &#8211; RTK"},"content":{"rendered":"","protected":false},"excerpt":{"rendered":"<h5>Controladores eletr\u00f4nicos de passo de 3 termos com controle PI:<\/h5>\n<p>\u2022 Fordcondu\u00e7\u00e3o de atuadores el\u00e9tricos<br \/>\n\u2022 Sele\u00e7\u00e3o de setpoint por controladores manuais<br \/>\n\u2022 Indica\u00e7\u00e3o de valor real<br \/>\n\u2022 Fonte de alimenta\u00e7\u00e3o integrada para transdutor de 24 VCC<br \/>\n\u2022 Chaves para valores limites<br \/>\n\u2022 Opera\u00e7\u00e3o manual e autom\u00e1tica<br \/>\n\u2022 Marca do componente T\u00dcV.WRS(WR).91-355 para aplica\u00e7\u00e3o em controles de alimenta\u00e7\u00e3o de caldeiras<\/p>\n<p>&nbsp;<\/p>\n<p><img fetchpriority=\"high\" decoding=\"async\" class=\"alignnone size-full wp-image-11294\" src=\"https:\/\/dismag.com.br\/wp-content\/uploads\/2023\/12\/iScreen-Shoter-Pre-Visualizacao-231204085029.png\" alt=\"\" width=\"826\" height=\"935\" srcset=\"https:\/\/dismag.com.br\/wp-content\/uploads\/2023\/12\/iScreen-Shoter-Pre-Visualizacao-231204085029.png 826w, https:\/\/dismag.com.br\/wp-content\/uploads\/2023\/12\/iScreen-Shoter-Pre-Visualizacao-231204085029-265x300.png 265w, https:\/\/dismag.com.br\/wp-content\/uploads\/2023\/12\/iScreen-Shoter-Pre-Visualizacao-231204085029-768x869.png 768w, https:\/\/dismag.com.br\/wp-content\/uploads\/2023\/12\/iScreen-Shoter-Pre-Visualizacao-231204085029-500x566.png 500w\" sizes=\"(max-width: 826px) 100vw, 826px\" \/><\/p>\n","protected":false},"featured_media":11295,"template":"","meta":{"_joinchat":[]},"product_brand":[],"product_cat":[333,104],"product_tag":[],"class_list":{"0":"post-11293","1":"product","2":"type-product","3":"status-publish","4":"has-post-thumbnail","6":"product_cat-rtk","7":"product_cat-valvulas","9":"first","10":"instock","11":"shipping-taxable","12":"product-type-simple"},"_links":{"self":[{"href":"https:\/\/dismag.com.br\/index.php\/wp-json\/wp\/v2\/product\/11293"}],"collection":[{"href":"https:\/\/dismag.com.br\/index.php\/wp-json\/wp\/v2\/product"}],"about":[{"href":"https:\/\/dismag.com.br\/index.php\/wp-json\/wp\/v2\/types\/product"}],"version-history":[{"count":0,"href":"https:\/\/dismag.com.br\/index.php\/wp-json\/wp\/v2\/product\/11293\/revisions"}],"wp:featuredmedia":[{"embeddable":true,"href":"https:\/\/dismag.com.br\/index.php\/wp-json\/wp\/v2\/media\/11295"}],"wp:attachment":[{"href":"https:\/\/dismag.com.br\/index.php\/wp-json\/wp\/v2\/media?parent=11293"}],"wp:term":[{"taxonomy":"product_brand","embeddable":true,"href":"https:\/\/dismag.com.br\/index.php\/wp-json\/wp\/v2\/product_brand?post=11293"},{"taxonomy":"product_cat","embeddable":true,"href":"https:\/\/dismag.com.br\/index.php\/wp-json\/wp\/v2\/product_cat?post=11293"},{"taxonomy":"product_tag","embeddable":true,"href":"https:\/\/dismag.com.br\/index.php\/wp-json\/wp\/v2\/product_tag?post=11293"}],"curies":[{"name":"wp","href":"https:\/\/api.w.org\/{rel}","templated":true}]}}