{"id":11296,"date":"2023-12-04T09:10:14","date_gmt":"2023-12-04T12:10:14","guid":{"rendered":"https:\/\/dismag.com.br\/?post_type=product&#038;p=11296"},"modified":"2023-12-04T15:31:45","modified_gmt":"2023-12-04T18:31:45","slug":"interruptor-de-limite-eletronico-sg-2431-rtk","status":"publish","type":"product","link":"https:\/\/dismag.com.br\/index.php\/produto\/interruptor-de-limite-eletronico-sg-2431-rtk\/","title":{"rendered":"Interruptor de limite eletr\u00f4nico SG 2431 &#8211; RTK"},"content":{"rendered":"","protected":false},"excerpt":{"rendered":"<h5>Interruptor de limite eletr\u00f4nico:<\/h5>\n<p>\u2022 Entrada: Tens\u00e3o do motor 0(4) \u2013 20 mA ou Tens\u00e3o 0(2) \u2013 10 V<br \/>\n\u2022 Sa\u00edda: 2 x rel\u00e9s (trocador)<br \/>\n\u2022 Indica\u00e7\u00e3o de status de contato via LED<br \/>\n\u2022 Indica\u00e7\u00e3o de valor real via exibi\u00e7\u00e3o de gr\u00e1fico de barras<br \/>\n\u2022 Ajuste de valor limite via bot\u00f5es frontais<br \/>\n\u2022 Fun\u00e7\u00f5es adicionais como: Histerese, janela, atraso liga\/desliga, alarme, opera\u00e7\u00e3o inversa<br \/>\n\u2022 Isolamento galv\u00e2nico de 3 vias (at\u00e9 4kV)<\/p>\n<p>&nbsp;<\/p>\n<p><img fetchpriority=\"high\" decoding=\"async\" class=\"alignnone size-full wp-image-11297\" src=\"https:\/\/dismag.com.br\/wp-content\/uploads\/2023\/12\/iScreen-Shoter-Pre-Visualizacao-231204091218.png\" alt=\"\" width=\"993\" height=\"1083\" srcset=\"https:\/\/dismag.com.br\/wp-content\/uploads\/2023\/12\/iScreen-Shoter-Pre-Visualizacao-231204091218.png 993w, https:\/\/dismag.com.br\/wp-content\/uploads\/2023\/12\/iScreen-Shoter-Pre-Visualizacao-231204091218-275x300.png 275w, https:\/\/dismag.com.br\/wp-content\/uploads\/2023\/12\/iScreen-Shoter-Pre-Visualizacao-231204091218-939x1024.png 939w, https:\/\/dismag.com.br\/wp-content\/uploads\/2023\/12\/iScreen-Shoter-Pre-Visualizacao-231204091218-768x838.png 768w, https:\/\/dismag.com.br\/wp-content\/uploads\/2023\/12\/iScreen-Shoter-Pre-Visualizacao-231204091218-500x545.png 500w\" sizes=\"(max-width: 993px) 100vw, 993px\" \/><\/p>\n","protected":false},"featured_media":11298,"template":"","meta":{"_joinchat":[]},"product_brand":[],"product_cat":[333,104],"product_tag":[],"class_list":{"0":"post-11296","1":"product","2":"type-product","3":"status-publish","4":"has-post-thumbnail","6":"product_cat-rtk","7":"product_cat-valvulas","9":"first","10":"instock","11":"shipping-taxable","12":"product-type-simple"},"_links":{"self":[{"href":"https:\/\/dismag.com.br\/index.php\/wp-json\/wp\/v2\/product\/11296"}],"collection":[{"href":"https:\/\/dismag.com.br\/index.php\/wp-json\/wp\/v2\/product"}],"about":[{"href":"https:\/\/dismag.com.br\/index.php\/wp-json\/wp\/v2\/types\/product"}],"version-history":[{"count":0,"href":"https:\/\/dismag.com.br\/index.php\/wp-json\/wp\/v2\/product\/11296\/revisions"}],"wp:featuredmedia":[{"embeddable":true,"href":"https:\/\/dismag.com.br\/index.php\/wp-json\/wp\/v2\/media\/11298"}],"wp:attachment":[{"href":"https:\/\/dismag.com.br\/index.php\/wp-json\/wp\/v2\/media?parent=11296"}],"wp:term":[{"taxonomy":"product_brand","embeddable":true,"href":"https:\/\/dismag.com.br\/index.php\/wp-json\/wp\/v2\/product_brand?post=11296"},{"taxonomy":"product_cat","embeddable":true,"href":"https:\/\/dismag.com.br\/index.php\/wp-json\/wp\/v2\/product_cat?post=11296"},{"taxonomy":"product_tag","embeddable":true,"href":"https:\/\/dismag.com.br\/index.php\/wp-json\/wp\/v2\/product_tag?post=11296"}],"curies":[{"name":"wp","href":"https:\/\/api.w.org\/{rel}","templated":true}]}}