{"id":8846,"date":"2021-09-21T13:37:34","date_gmt":"2021-09-21T16:37:34","guid":{"rendered":"https:\/\/teste.dismag.com.br\/?post_type=product&#038;p=8846"},"modified":"2022-10-31T11:41:33","modified_gmt":"2022-10-31T14:41:33","slug":"modulo-de-alarme-de-sonda-unica","status":"publish","type":"product","link":"https:\/\/dismag.com.br\/index.php\/produto\/modulo-de-alarme-de-sonda-unica\/","title":{"rendered":"M\u00d3DULO DE ALARME DE SONDA \u00daNICA FOSSIL"},"content":{"rendered":"<p><span style=\"font-family: 'trebuchet ms', geneva, sans-serif; font-size: 14px; color: #999999;\">O <strong>M\u00d3DULO DE ALARME DE SONDA \u00daNICA FOSSIL<\/strong> \u00c9 UM INSTRUMENTO PRECISO E CONFI\u00c1VEL QUE FORNECE INDICA\u00c7\u00c3O POSITIVA DE VAPOR OU \u00c1GUA EM APLICA\u00c7\u00d5ES DE ALTA TEMPERATURA E PRESS\u00c3O.<\/span><\/p>\n<p><span style=\"font-family: 'trebuchet ms', geneva, sans-serif; font-size: 14px; color: #999999;\">ELE MEDE A RESIST\u00caNCIA E RELATA A PRESEN\u00c7A DE VAPOR OU \u00c1GUA, COM BASE NA CONDUTIVIDADE DO FLUIDO. A SONDA PODE SER MONTADA EM UMA COLUNA OU EM UM T DE 1-\u00bd \u201d. A VEDA\u00c7\u00c3O METAL A METAL SWAGELOK\u00ae GARANTE UMA INSTALA\u00c7\u00c3O \u00c0 PROVA DE VAZAMENTOS, SEM PE\u00c7AS M\u00d3VEIS, E O M\u00d3DULO DE ALARME\u00a0\u00c9 UM SUBSTITUTO ELETR\u00d4NICO EFICAZ PARA CHAVES FLUTUANTES MEC\u00c2NICAS.<\/span><\/p>\n<p><span style=\"font-family: 'trebuchet ms', geneva, sans-serif; font-size: 14px; color: #999999;\">A UNIDADE ELETR\u00d4NICA PODE SER CONVENIENTEMENTE LOCALIZADA A AT\u00c9 65 P\u00c9S DE DIST\u00c2NCIA DA SONDA COM \u00c1GUA DE BAIXA CONDUTIVIDADE E 500 P\u00c9S DE DIST\u00c2NCIA COM \u00c1GUA DE ALTA CONDUTIVIDADE. DOIS CONTATOS FORM-C FORNECEM SA\u00cdDAS DE REL\u00c9 PARA CIRCUITOS DE CONTROLE. OS LEDS INDICAM \u201c\u00c1GUA\u201d OU \u201cVAPOR\u201d E UM TERCEIRO LED PISCA PARA \u201cENERGIA \/ REL\u00d3GIO\u201d, PARA MOSTRAR QUE H\u00c1 ENERGIA E QUE O REL\u00d3GIO EST\u00c1 FUNCIONANDO CORRETAMENTE.<\/span><\/p>\n<hr \/>\n<h5 style=\"text-align: center;\"><span style=\"color: #005286; font-size: 22px; font-family: 'trebuchet ms', geneva, sans-serif;\">SOLICITE UM OR\u00c7AMENTO \ud83d\udce9<\/span><\/h5>\n<p style=\"text-align: center;\"><span style=\"font-family: 'trebuchet ms', geneva, sans-serif;\">[forminator_form id=&#8221;10041&#8243;]<\/span><\/p>\n","protected":false},"excerpt":{"rendered":"<table style=\"width: 100%; border-collapse: collapse; background-color: #f7f7f7; height: 48px;\">\n<tbody>\n<tr style=\"height: 24px;\">\n<td style=\"width: 100%; text-align: center; height: 24px;\"><span style=\"font-family: 'trebuchet ms', geneva, sans-serif; font-size: 14px; color: #005286;\"><strong>PLANILHA DE ESPECIFICA\u00c7\u00c3O<\/strong><\/span><\/td>\n<\/tr>\n<tr style=\"height: 24px;\">\n<td style=\"width: 100%; text-align: center; height: 24px;\"><a href=\"http:\/\/teste.dismag.com.br\/wp-content\/uploads\/2015\/12\/9340-1205-Aquarian-Single-Probe-Alarm-Module.pdf\" target=\"_blank\" rel=\"noopener\"><span style=\"font-size: 14px; font-family: 'trebuchet ms', geneva, sans-serif; color: #999999;\">CLIQUE AQUI PARA BAIXAR<\/span><\/a><\/td>\n<\/tr>\n<\/tbody>\n<\/table>\n<p style=\"text-align: center;\"><!-- wp:kioken\/spacer {\"className\":\"is-style-fullwidth\",\"kioblocks\":[]} --><\/p>\n<p style=\"text-align: center;\"><!-- \/wp:kioken\/spacer --><\/p>\n","protected":false},"featured_media":8848,"template":"","meta":{"_joinchat":[]},"product_brand":[],"product_cat":[286],"product_tag":[],"class_list":{"0":"post-8846","1":"product","2":"type-product","3":"status-publish","4":"has-post-thumbnail","6":"product_cat-visor-e-chave-de-nivel","8":"first","9":"instock","10":"shipping-taxable","11":"product-type-simple"},"_links":{"self":[{"href":"https:\/\/dismag.com.br\/index.php\/wp-json\/wp\/v2\/product\/8846"}],"collection":[{"href":"https:\/\/dismag.com.br\/index.php\/wp-json\/wp\/v2\/product"}],"about":[{"href":"https:\/\/dismag.com.br\/index.php\/wp-json\/wp\/v2\/types\/product"}],"version-history":[{"count":1,"href":"https:\/\/dismag.com.br\/index.php\/wp-json\/wp\/v2\/product\/8846\/revisions"}],"predecessor-version":[{"id":10316,"href":"https:\/\/dismag.com.br\/index.php\/wp-json\/wp\/v2\/product\/8846\/revisions\/10316"}],"wp:featuredmedia":[{"embeddable":true,"href":"https:\/\/dismag.com.br\/index.php\/wp-json\/wp\/v2\/media\/8848"}],"wp:attachment":[{"href":"https:\/\/dismag.com.br\/index.php\/wp-json\/wp\/v2\/media?parent=8846"}],"wp:term":[{"taxonomy":"product_brand","embeddable":true,"href":"https:\/\/dismag.com.br\/index.php\/wp-json\/wp\/v2\/product_brand?post=8846"},{"taxonomy":"product_cat","embeddable":true,"href":"https:\/\/dismag.com.br\/index.php\/wp-json\/wp\/v2\/product_cat?post=8846"},{"taxonomy":"product_tag","embeddable":true,"href":"https:\/\/dismag.com.br\/index.php\/wp-json\/wp\/v2\/product_tag?post=8846"}],"curies":[{"name":"wp","href":"https:\/\/api.w.org\/{rel}","templated":true}]}}