{"id":8852,"date":"2021-09-21T13:44:04","date_gmt":"2021-09-21T16:44:04","guid":{"rendered":"https:\/\/teste.dismag.com.br\/?post_type=product&#038;p=8852"},"modified":"2022-10-26T16:11:46","modified_gmt":"2022-10-26T19:11:46","slug":"aquarian-1000plus-fossil","status":"publish","type":"product","link":"https:\/\/dismag.com.br\/index.php\/produto\/aquarian-1000plus-fossil\/","title":{"rendered":"AQUARIAN 1000PLUS FOSSIL"},"content":{"rendered":"<p><span style=\"font-family: 'trebuchet ms', geneva, sans-serif; color: #999999; font-size: 14px;\">O <strong>AQUARIAN 1000PLUS<\/strong>\u00a0\u00c9 CONFIGURADO COM 1 A 4 CANAIS DE SONDA INDEPENDENTES, FONTES DE ALIMENTA\u00c7\u00c3O REDUNDANTES, CONTINUIDADE, MONITORAMENTO DE FALHA DE N\u00cdVEL E SA\u00cdDA OPCIONAL DE 4-20 MA.\u00a0CADA SA\u00cdDA DE REL\u00c9 DE N\u00cdVEL \u00c9 CLASSIFICADA EM 5A, O QUE PERMITE QUE ESTE SISTEMA SIRVA COMO UM DISPOSITIVO DE CONTROLE DE DESARME, ALARME OU LIGA \/ DESLIGA.<\/span><\/p>\n<p><span style=\"font-family: 'trebuchet ms', geneva, sans-serif; color: #999999; font-size: 14px;\">MEDINDO A DIFEREN\u00c7A DE RESIST\u00caNCIA ENTRE \u00c1GUA DE ALTA PUREZA E VAPOR, O AQUARIAN 1000PLUS \u00c9 COMUMENTE USADO EM AQUECEDORES DE \u00c1GUA DE ALIMENTA\u00c7\u00c3O, TUBULA\u00c7\u00d5ES E DRENOS, DRENOS DE COLETOR DE VAPOR PRINCIPAL, DRENOS DE REAQUECIMENTO QUENTE \/ FRIO E ALARME \/ DESLIGAMENTO ALTO \/ BAIXO DA CALDEIRA PRINCIPAL.<\/span><\/p>\n<p><span style=\"font-family: 'trebuchet ms', geneva, sans-serif; color: #999999; font-size: 14px;\">O MODO DE FALHA DESSE SISTEMA TORNA O AQUARIAN 1000PLUS MUITO POPULAR EM SISTEMAS DE DRENAGEM DE TURBINA PARA PROTE\u00c7\u00c3O POR INDU\u00c7\u00c3O DE \u00c1GUA DE TURBINA (TWIP).<\/span><\/p>\n<hr \/>\n<h5 style=\"text-align: center;\"><span style=\"color: #005286; font-size: 22px; font-family: 'trebuchet ms', geneva, sans-serif;\">SOLICITE UM OR\u00c7AMENTO \ud83d\udce9<\/span><\/h5>\n<p style=\"text-align: center;\"><span style=\"font-family: 'trebuchet ms', geneva, sans-serif;\">[forminator_form id=&#8221;10041&#8243;]<\/span><\/p>\n","protected":false},"excerpt":{"rendered":"<table style=\"width: 100%; border-collapse: collapse; background-color: #f7f7f7;\">\n<tbody>\n<tr>\n<td style=\"width: 100%; text-align: center;\"><span style=\"font-family: 'trebuchet ms', geneva, sans-serif; font-size: 14px; color: #005286;\"><strong>PLANILHA DE ESPECIFICA\u00c7\u00c3O<\/strong><\/span><\/td>\n<\/tr>\n<tr>\n<td style=\"width: 100%; text-align: center;\"><a href=\"http:\/\/teste.dismag.com.br\/wp-content\/uploads\/2015\/12\/9340-1201-Aquarian-1000-Plus.pdf\" target=\"_blank\" rel=\"noopener\"><span style=\"font-size: 14px; font-family: 'trebuchet ms', geneva, sans-serif; color: #999999;\">CLIQUE AQUI PARA BAIXAR<\/span><\/a><\/td>\n<\/tr>\n<\/tbody>\n<\/table>\n<p style=\"text-align: center;\"><!-- wp:kioken\/spacer {\"className\":\"is-style-fullwidth\",\"kioblocks\":[]} --><\/p>\n<p style=\"text-align: center;\"><!-- \/wp:kioken\/spacer --><\/p>\n","protected":false},"featured_media":8853,"template":"","meta":{"_joinchat":[]},"product_brand":[],"product_cat":[286],"product_tag":[],"class_list":{"0":"post-8852","1":"product","2":"type-product","3":"status-publish","4":"has-post-thumbnail","6":"product_cat-visor-e-chave-de-nivel","8":"first","9":"instock","10":"shipping-taxable","11":"product-type-simple"},"_links":{"self":[{"href":"https:\/\/dismag.com.br\/index.php\/wp-json\/wp\/v2\/product\/8852"}],"collection":[{"href":"https:\/\/dismag.com.br\/index.php\/wp-json\/wp\/v2\/product"}],"about":[{"href":"https:\/\/dismag.com.br\/index.php\/wp-json\/wp\/v2\/types\/product"}],"version-history":[{"count":1,"href":"https:\/\/dismag.com.br\/index.php\/wp-json\/wp\/v2\/product\/8852\/revisions"}],"predecessor-version":[{"id":10278,"href":"https:\/\/dismag.com.br\/index.php\/wp-json\/wp\/v2\/product\/8852\/revisions\/10278"}],"wp:featuredmedia":[{"embeddable":true,"href":"https:\/\/dismag.com.br\/index.php\/wp-json\/wp\/v2\/media\/8853"}],"wp:attachment":[{"href":"https:\/\/dismag.com.br\/index.php\/wp-json\/wp\/v2\/media?parent=8852"}],"wp:term":[{"taxonomy":"product_brand","embeddable":true,"href":"https:\/\/dismag.com.br\/index.php\/wp-json\/wp\/v2\/product_brand?post=8852"},{"taxonomy":"product_cat","embeddable":true,"href":"https:\/\/dismag.com.br\/index.php\/wp-json\/wp\/v2\/product_cat?post=8852"},{"taxonomy":"product_tag","embeddable":true,"href":"https:\/\/dismag.com.br\/index.php\/wp-json\/wp\/v2\/product_tag?post=8852"}],"curies":[{"name":"wp","href":"https:\/\/api.w.org\/{rel}","templated":true}]}}