{"id":8859,"date":"2021-09-21T13:50:05","date_gmt":"2021-09-21T16:50:05","guid":{"rendered":"https:\/\/teste.dismag.com.br\/?post_type=product&#038;p=8859"},"modified":"2022-10-31T11:07:50","modified_gmt":"2022-10-31T14:07:50","slug":"aquarian-nivel-eletronico-aquarian","status":"publish","type":"product","link":"https:\/\/dismag.com.br\/index.php\/produto\/aquarian-nivel-eletronico-aquarian\/","title":{"rendered":"INDICADOR DE N\u00cdVEL ELETR\u00d4NICO AQUARIAN FOSSIL"},"content":{"rendered":"<p><span style=\"font-family: 'trebuchet ms', geneva, sans-serif; font-size: 14px; color: #999999;\">O <strong>INDICADOR DE N\u00cdVEL ELETR\u00d4NICO AQUARIAN<\/strong> FOI PROJETADO ESPECIFICAMENTE PARA ATENDER \u00c0S CRESCENTES NECESSIDADES E DEMANDAS DA IND\u00daSTRIA POR UM MEIO CONFI\u00c1VEL, ECON\u00d4MICO E VERS\u00c1TIL DE DETECTAR OS N\u00cdVEIS DE \u00c1GUA EM UMA VARIEDADE DE APLICA\u00c7\u00d5ES DE ALTA E BAIXA PRESS\u00c3O. AO PASSAR UMA ONDA QUADRADA DE TENS\u00c3O DE \u00b1 5 VCC ATRAV\u00c9S DA REDE E PROCESSAR O SINAL RESULTANTE, \u00c9 FEITA UMA DISTIN\u00c7\u00c3O ENTRE VAPOR E \u00c1GUA, MESMO EM CONDUTIVIDADES DE \u00c1GUA T\u00c3O BAIXAS QUANTO 0,5 MICROMHO.<\/span><\/p>\n<hr \/>\n<h5 style=\"text-align: center;\"><span style=\"color: #005286; font-size: 22px; font-family: 'trebuchet ms', geneva, sans-serif;\">SOLICITE UM OR\u00c7AMENTO \ud83d\udce9<\/span><\/h5>\n<p style=\"text-align: center;\"><span style=\"font-family: 'trebuchet ms', geneva, sans-serif;\">[forminator_form id=&#8221;10041&#8243;]<\/span><\/p>\n","protected":false},"excerpt":{"rendered":"<p>O INDICADOR DE N\u00cdVEL ELETR\u00d4NICO AQUARIAN FOI PROJETADO ESPECIFICAMENTE PARA ATENDER \u00c0S CRESCENTES NECESSIDADES E DEMANDAS DA IND\u00daSTRIA POR UM MEIO CONFI\u00c1VEL, ECON\u00d4MICO E VERS\u00c1TIL DE DETECTAR OS N\u00cdVEIS DE \u00c1GUA EM UMA VARIEDADE DE APLICA\u00c7\u00d5ES DE ALTA E BAIXA PRESS\u00c3O. AO PASSAR UMA ONDA QUADRADA DE TENS\u00c3O DE \u00b1 5 VCC ATRAV\u00c9S DA REDE E PROCESSAR O SINAL RESULTANTE, \u00c9 FEITA UMA DISTIN\u00c7\u00c3O ENTRE VAPOR E \u00c1GUA, MESMO EM CONDUTIVIDADES DE \u00c1GUA T\u00c3O BAIXAS QUANTO 0,5 MICROMHO. SOLICITE UM OR\u00c7AMENTO \ud83d\udce9 [forminator_form id=&#8221;10041&#8243;]<\/p>\n","protected":false},"featured_media":8860,"template":"","meta":{"_joinchat":[]},"product_brand":[],"product_cat":[286],"product_tag":[],"class_list":{"0":"post-8859","1":"product","2":"type-product","3":"status-publish","4":"has-post-thumbnail","6":"product_cat-visor-e-chave-de-nivel","8":"first","9":"instock","10":"shipping-taxable","11":"product-type-simple"},"_links":{"self":[{"href":"https:\/\/dismag.com.br\/index.php\/wp-json\/wp\/v2\/product\/8859"}],"collection":[{"href":"https:\/\/dismag.com.br\/index.php\/wp-json\/wp\/v2\/product"}],"about":[{"href":"https:\/\/dismag.com.br\/index.php\/wp-json\/wp\/v2\/types\/product"}],"version-history":[{"count":1,"href":"https:\/\/dismag.com.br\/index.php\/wp-json\/wp\/v2\/product\/8859\/revisions"}],"predecessor-version":[{"id":10312,"href":"https:\/\/dismag.com.br\/index.php\/wp-json\/wp\/v2\/product\/8859\/revisions\/10312"}],"wp:featuredmedia":[{"embeddable":true,"href":"https:\/\/dismag.com.br\/index.php\/wp-json\/wp\/v2\/media\/8860"}],"wp:attachment":[{"href":"https:\/\/dismag.com.br\/index.php\/wp-json\/wp\/v2\/media?parent=8859"}],"wp:term":[{"taxonomy":"product_brand","embeddable":true,"href":"https:\/\/dismag.com.br\/index.php\/wp-json\/wp\/v2\/product_brand?post=8859"},{"taxonomy":"product_cat","embeddable":true,"href":"https:\/\/dismag.com.br\/index.php\/wp-json\/wp\/v2\/product_cat?post=8859"},{"taxonomy":"product_tag","embeddable":true,"href":"https:\/\/dismag.com.br\/index.php\/wp-json\/wp\/v2\/product_tag?post=8859"}],"curies":[{"name":"wp","href":"https:\/\/api.w.org\/{rel}","templated":true}]}}