{"id":8861,"date":"2021-09-21T13:52:20","date_gmt":"2021-09-21T16:52:20","guid":{"rendered":"https:\/\/teste.dismag.com.br\/?post_type=product&#038;p=8861"},"modified":"2022-10-31T11:02:16","modified_gmt":"2022-10-31T14:02:16","slug":"sonda-aquarian-fossil","status":"publish","type":"product","link":"https:\/\/dismag.com.br\/index.php\/produto\/sonda-aquarian-fossil\/","title":{"rendered":"SONDA AQUARIAN FOSSIL"},"content":{"rendered":"<p><span style=\"font-family: 'trebuchet ms', geneva, sans-serif; font-size: 14px; color: #999999;\">A <strong>SONDA AQUARIAN<\/strong> \u00c9 A ESCOLHA DA IND\u00daSTRIA. ESTA SONDA SOLDADA DE ALTA PRESS\u00c3O DO TIPO SWAGED N\u00c3O REQUER GAXETAS PARA VEDA\u00c7\u00c3O E OFERECE UMA GARANTIA DE 2 ANOS COM UMA VIDA \u00daTIL DE 5 A 10 ANOS. CLASSIFICADA PARA 3000PSI @ 1200\u00baF, A SONDA FOI PROJETADA PARA EVITAR A ABSOR\u00c7\u00c3O DE \u00c1GUA. CADA SONDA AQUARIAN \u00c9 100% NITROG\u00caNIO GASOSO TESTADO E HIDRO TESTADO PARA 6000 PSI.<\/span><\/p>\n<hr \/>\n<h5 style=\"text-align: center;\"><span style=\"color: #005286; font-size: 22px; font-family: 'trebuchet ms', geneva, sans-serif;\">SOLICITE UM OR\u00c7AMENTO \ud83d\udce9<\/span><\/h5>\n<p style=\"text-align: center;\"><span style=\"font-family: 'trebuchet ms', geneva, sans-serif;\">[forminator_form id=&#8221;10041&#8243;]<\/span><\/p>\n","protected":false},"excerpt":{"rendered":"<p>A SONDA AQUARIAN \u00c9 A ESCOLHA DA IND\u00daSTRIA. ESTA SONDA SOLDADA DE ALTA PRESS\u00c3O DO TIPO SWAGED N\u00c3O REQUER GAXETAS PARA VEDA\u00c7\u00c3O E OFERECE UMA GARANTIA DE 2 ANOS COM UMA VIDA \u00daTIL DE 5 A 10 ANOS. CLASSIFICADA PARA 3000PSI @ 1200\u00baF, A SONDA FOI PROJETADA PARA EVITAR A ABSOR\u00c7\u00c3O DE \u00c1GUA. CADA SONDA AQUARIAN \u00c9 100% NITROG\u00caNIO GASOSO TESTADO E HIDRO TESTADO PARA 6000 PSI. SOLICITE UM OR\u00c7AMENTO \ud83d\udce9 [forminator_form id=&#8221;10041&#8243;]<\/p>\n","protected":false},"featured_media":8862,"template":"","meta":{"_joinchat":[]},"product_brand":[],"product_cat":[286],"product_tag":[],"class_list":{"0":"post-8861","1":"product","2":"type-product","3":"status-publish","4":"has-post-thumbnail","6":"product_cat-visor-e-chave-de-nivel","8":"first","9":"instock","10":"shipping-taxable","11":"product-type-simple"},"_links":{"self":[{"href":"https:\/\/dismag.com.br\/index.php\/wp-json\/wp\/v2\/product\/8861"}],"collection":[{"href":"https:\/\/dismag.com.br\/index.php\/wp-json\/wp\/v2\/product"}],"about":[{"href":"https:\/\/dismag.com.br\/index.php\/wp-json\/wp\/v2\/types\/product"}],"version-history":[{"count":1,"href":"https:\/\/dismag.com.br\/index.php\/wp-json\/wp\/v2\/product\/8861\/revisions"}],"predecessor-version":[{"id":10310,"href":"https:\/\/dismag.com.br\/index.php\/wp-json\/wp\/v2\/product\/8861\/revisions\/10310"}],"wp:featuredmedia":[{"embeddable":true,"href":"https:\/\/dismag.com.br\/index.php\/wp-json\/wp\/v2\/media\/8862"}],"wp:attachment":[{"href":"https:\/\/dismag.com.br\/index.php\/wp-json\/wp\/v2\/media?parent=8861"}],"wp:term":[{"taxonomy":"product_brand","embeddable":true,"href":"https:\/\/dismag.com.br\/index.php\/wp-json\/wp\/v2\/product_brand?post=8861"},{"taxonomy":"product_cat","embeddable":true,"href":"https:\/\/dismag.com.br\/index.php\/wp-json\/wp\/v2\/product_cat?post=8861"},{"taxonomy":"product_tag","embeddable":true,"href":"https:\/\/dismag.com.br\/index.php\/wp-json\/wp\/v2\/product_tag?post=8861"}],"curies":[{"name":"wp","href":"https:\/\/api.w.org\/{rel}","templated":true}]}}