{"id":8865,"date":"2021-09-21T14:00:48","date_gmt":"2021-09-21T17:00:48","guid":{"rendered":"https:\/\/teste.dismag.com.br\/?post_type=product&#038;p=8865"},"modified":"2022-10-31T10:57:00","modified_gmt":"2022-10-31T13:57:00","slug":"medidor-de-reflexo-aquarian-650r","status":"publish","type":"product","link":"https:\/\/dismag.com.br\/index.php\/produto\/medidor-de-reflexo-aquarian-650r\/","title":{"rendered":"AQUARIAN 650R FOSSIL"},"content":{"rendered":"<p><span style=\"font-family: 'trebuchet ms', geneva, sans-serif; font-size: 14px; color: #999999;\">O <strong>AQUARIAN 650R<\/strong> \u00c9 CLASSIFICADO PARA 975 PSI (350 PSI \/ 24 BAR PARA VAPOR) E OFERECE EXCELENTE VISIBILIDADE DO N\u00cdVEL DE L\u00cdQUIDO. AS RANHURAS DE REFRA\u00c7\u00c3O DA LUZ NO VIDRO FAZEM COM QUE O L\u00cdQUIDO PARE\u00c7A PRETO E O VAPOR PARE\u00c7A BRANCO.<\/span><\/p>\n<p><span style=\"font-family: 'trebuchet ms', geneva, sans-serif; font-size: 14px; color: #999999;\">O ALTO CONTRASTE ENTRE A \u00c1GUA E O VAPOR PERMITE QUE OS MEDIDORES SEJAM EMPILHADOS UNS SOBRE OS OUTROS SEM A PREOCUPA\u00c7\u00c3O DE PONTOS CEGOS ENTRE OS MEDIDORES.\u00a0AS SUPERF\u00cdCIES RECUADAS DA GAXETA NA TAMPA E NO CORPO FACILITAM O ALINHAMENTO DO VIDRO E DA GAXETA E TAMB\u00c9M AJUDAM A EVITAR O ESTOURO DA GAXETA.\u00a0AS ARRUELAS DE PRESS\u00c3O BELLEVILLE MANT\u00caM O CARREGAMENTO CONSTANTE DA GAXETA EM CICLOS T\u00c9RMICOS E DE PRESS\u00c3O.<\/span><\/p>\n<hr \/>\n<h5 style=\"text-align: center;\"><span style=\"color: #005286; font-size: 22px; font-family: 'trebuchet ms', geneva, sans-serif;\">SOLICITE UM OR\u00c7AMENTO \ud83d\udce9<\/span><\/h5>\n<p style=\"text-align: center;\"><span style=\"font-family: 'trebuchet ms', geneva, sans-serif;\">[forminator_form id=&#8221;10041&#8243;]<\/span><\/p>\n","protected":false},"excerpt":{"rendered":"<p>O AQUARIAN 650R \u00c9 CLASSIFICADO PARA 975 PSI (350 PSI \/ 24 BAR PARA VAPOR) E OFERECE EXCELENTE VISIBILIDADE DO N\u00cdVEL DE L\u00cdQUIDO. AS RANHURAS DE REFRA\u00c7\u00c3O DA LUZ NO VIDRO FAZEM COM QUE O L\u00cdQUIDO PARE\u00c7A PRETO E O VAPOR PARE\u00c7A BRANCO. O ALTO CONTRASTE ENTRE A \u00c1GUA E O VAPOR PERMITE QUE OS MEDIDORES SEJAM EMPILHADOS UNS SOBRE OS OUTROS SEM A PREOCUPA\u00c7\u00c3O DE PONTOS CEGOS ENTRE OS MEDIDORES.\u00a0AS SUPERF\u00cdCIES RECUADAS DA GAXETA NA TAMPA E NO CORPO FACILITAM O ALINHAMENTO DO VIDRO E DA GAXETA E TAMB\u00c9M AJUDAM A EVITAR O ESTOURO DA GAXETA.\u00a0AS ARRUELAS DE PRESS\u00c3O BELLEVILLE MANT\u00caM O CARREGAMENTO CONSTANTE DA GAXETA EM CICLOS T\u00c9RMICOS E DE PRESS\u00c3O. SOLICITE UM OR\u00c7AMENTO \ud83d\udce9 [forminator_form id=&#8221;10041&#8243;]<\/p>\n","protected":false},"featured_media":8866,"template":"","meta":{"_joinchat":[]},"product_brand":[],"product_cat":[286],"product_tag":[],"class_list":{"0":"post-8865","1":"product","2":"type-product","3":"status-publish","4":"has-post-thumbnail","6":"product_cat-visor-e-chave-de-nivel","8":"first","9":"instock","10":"shipping-taxable","11":"product-type-simple"},"_links":{"self":[{"href":"https:\/\/dismag.com.br\/index.php\/wp-json\/wp\/v2\/product\/8865"}],"collection":[{"href":"https:\/\/dismag.com.br\/index.php\/wp-json\/wp\/v2\/product"}],"about":[{"href":"https:\/\/dismag.com.br\/index.php\/wp-json\/wp\/v2\/types\/product"}],"version-history":[{"count":1,"href":"https:\/\/dismag.com.br\/index.php\/wp-json\/wp\/v2\/product\/8865\/revisions"}],"predecessor-version":[{"id":10307,"href":"https:\/\/dismag.com.br\/index.php\/wp-json\/wp\/v2\/product\/8865\/revisions\/10307"}],"wp:featuredmedia":[{"embeddable":true,"href":"https:\/\/dismag.com.br\/index.php\/wp-json\/wp\/v2\/media\/8866"}],"wp:attachment":[{"href":"https:\/\/dismag.com.br\/index.php\/wp-json\/wp\/v2\/media?parent=8865"}],"wp:term":[{"taxonomy":"product_brand","embeddable":true,"href":"https:\/\/dismag.com.br\/index.php\/wp-json\/wp\/v2\/product_brand?post=8865"},{"taxonomy":"product_cat","embeddable":true,"href":"https:\/\/dismag.com.br\/index.php\/wp-json\/wp\/v2\/product_cat?post=8865"},{"taxonomy":"product_tag","embeddable":true,"href":"https:\/\/dismag.com.br\/index.php\/wp-json\/wp\/v2\/product_tag?post=8865"}],"curies":[{"name":"wp","href":"https:\/\/api.w.org\/{rel}","templated":true}]}}