{"id":8869,"date":"2021-09-21T14:10:47","date_gmt":"2021-09-21T17:10:47","guid":{"rendered":"https:\/\/teste.dismag.com.br\/?post_type=product&#038;p=8869"},"modified":"2022-10-31T16:32:16","modified_gmt":"2022-10-31T19:32:16","slug":"kit-reparo-para-visor-de-nivel","status":"publish","type":"product","link":"https:\/\/dismag.com.br\/index.php\/produto\/kit-reparo-para-visor-de-nivel\/","title":{"rendered":"KIT REPARO PARA VISOR DE N\u00cdVEL FOSSIL"},"content":{"rendered":"<p><span style=\"font-family: 'trebuchet ms', geneva, sans-serif; font-size: 14px; color: #999999;\">O <strong>VISOR DE N\u00cdVEL<\/strong>\u00a0\u00c9 A \u00daNICA TECNOLOGIA DISPON\u00cdVEL PARA FORNECER INDICA\u00c7\u00c3O \u201cDIRETA\u201d DO N\u00cdVEL DE \u00c1GUA DO TAMBOR DE VAPOR, ATENDENDO, ASSIM, AOS REQUISITOS DO C\u00d3DIGO ASME PARA CALDEIRAS E VASOS DE PRESS\u00c3O.<\/span><\/p>\n<hr \/>\n<h5 style=\"text-align: center;\"><span style=\"color: #005286; font-size: 22px; font-family: 'trebuchet ms', geneva, sans-serif;\">SOLICITE UM OR\u00c7AMENTO \ud83d\udce9<\/span><\/h5>\n<p style=\"text-align: center;\"><span style=\"font-family: 'trebuchet ms', geneva, sans-serif;\">[forminator_form id=&#8221;10041&#8243;]<\/span><\/p>\n","protected":false},"excerpt":{"rendered":"<p>O VISOR DE N\u00cdVEL\u00a0\u00c9 A \u00daNICA TECNOLOGIA DISPON\u00cdVEL PARA FORNECER INDICA\u00c7\u00c3O \u201cDIRETA\u201d DO N\u00cdVEL DE \u00c1GUA DO TAMBOR DE VAPOR, ATENDENDO, ASSIM, AOS REQUISITOS DO C\u00d3DIGO ASME PARA CALDEIRAS E VASOS DE PRESS\u00c3O. SOLICITE UM OR\u00c7AMENTO \ud83d\udce9 [forminator_form id=&#8221;10041&#8243;]<\/p>\n","protected":false},"featured_media":8901,"template":"","meta":{"_joinchat":[]},"product_brand":[],"product_cat":[286],"product_tag":[],"class_list":{"0":"post-8869","1":"product","2":"type-product","3":"status-publish","4":"has-post-thumbnail","6":"product_cat-visor-e-chave-de-nivel","8":"first","9":"instock","10":"shipping-taxable","11":"product-type-simple"},"_links":{"self":[{"href":"https:\/\/dismag.com.br\/index.php\/wp-json\/wp\/v2\/product\/8869"}],"collection":[{"href":"https:\/\/dismag.com.br\/index.php\/wp-json\/wp\/v2\/product"}],"about":[{"href":"https:\/\/dismag.com.br\/index.php\/wp-json\/wp\/v2\/types\/product"}],"version-history":[{"count":0,"href":"https:\/\/dismag.com.br\/index.php\/wp-json\/wp\/v2\/product\/8869\/revisions"}],"wp:featuredmedia":[{"embeddable":true,"href":"https:\/\/dismag.com.br\/index.php\/wp-json\/wp\/v2\/media\/8901"}],"wp:attachment":[{"href":"https:\/\/dismag.com.br\/index.php\/wp-json\/wp\/v2\/media?parent=8869"}],"wp:term":[{"taxonomy":"product_brand","embeddable":true,"href":"https:\/\/dismag.com.br\/index.php\/wp-json\/wp\/v2\/product_brand?post=8869"},{"taxonomy":"product_cat","embeddable":true,"href":"https:\/\/dismag.com.br\/index.php\/wp-json\/wp\/v2\/product_cat?post=8869"},{"taxonomy":"product_tag","embeddable":true,"href":"https:\/\/dismag.com.br\/index.php\/wp-json\/wp\/v2\/product_tag?post=8869"}],"curies":[{"name":"wp","href":"https:\/\/api.w.org\/{rel}","templated":true}]}}