{"id":8871,"date":"2021-09-21T14:13:16","date_gmt":"2021-09-21T17:13:16","guid":{"rendered":"https:\/\/teste.dismag.com.br\/?post_type=product&#038;p=8871"},"modified":"2022-10-31T10:53:49","modified_gmt":"2022-10-31T13:53:49","slug":"indicador-de-nivel-magnetico-aquarian-4000","status":"publish","type":"product","link":"https:\/\/dismag.com.br\/index.php\/produto\/indicador-de-nivel-magnetico-aquarian-4000\/","title":{"rendered":"AQUARIAN 4000 FOSSIL"},"content":{"rendered":"<p><span style=\"font-family: 'trebuchet ms', geneva, sans-serif; font-size: 14px; color: #999999;\">O <strong>INDICADOR DE N\u00cdVEL MAGN\u00c9TICO AQUARIAN 4000 (MLI)<\/strong>\u00a0\u00c9 UMA NOVA ABORDAGEM PARA MEDI\u00c7\u00c3O DE N\u00cdVEL.\u00a0O INDICADOR DE N\u00cdVEL MAGN\u00c9TICO FORNECE UM M\u00c9TODO TOTALMENTE \u00c0 PROVA DE VAZAMENTOS E N\u00c3O INVASIVO PARA MEDIR O N\u00cdVEL. ISSO \u00c9 ESPECIALMENTE VANTAJOSO QUANDO OS FLUIDOS DO PROCESSO S\u00c3O PERIGOSOS OU INFLAM\u00c1VEIS.\u00a0O ISOLAMENTO DO INDICADOR DO FLUIDO DO PROCESSO TAMB\u00c9M LIMITA A QUANTIDADE DE MANUTEN\u00c7\u00c3O REGULAR NECESS\u00c1RIA PARA O INDICADOR.<\/span><\/p>\n<p><span style=\"font-family: 'trebuchet ms', geneva, sans-serif; font-size: 14px; color: #999999;\">CADA FLUTUADOR \u00c9 PROJETADO ESPECIFICAMENTE PARA FUNCIONAR NA GRAVIDADE ESPEC\u00cdFICA (SG) DO FLUIDO DE PROCESSO PRESENTE, FORNECENDO LEITURAS DE N\u00cdVEL PRECISAS.<\/span><\/p>\n<p><span style=\"font-family: 'trebuchet ms', geneva, sans-serif; font-size: 14px; color: #999999;\">O INDICADOR DE N\u00cdVEL MAGN\u00c9TICO USA UM FLUTUADOR N\u00c3O MAGN\u00c9TICO COM UM MAGN\u00c9TICO INTERNO QUE \u00c9 ACOPLADO AOS SINALIZADORES INDICADORES MAGN\u00c9TICOS DE DUAS CORES.\u00a0O FLUTUADOR \u00c9 ENCERRADO DENTRO DE UMA C\u00c2MARA DE TUBO DE A\u00c7O INOXID\u00c1VEL 316 QUE EST\u00c1 CONECTADA AO RECIPIENTE DE PROCESSO.\u00a0AS BANDEIRAS S\u00c3O MANTIDAS EM UMA MOLDURA DE ALUM\u00cdNIO DENTRO DE UMA EXTRUS\u00c3O DE POLICARBONATO SELADA.\u00a0CONFORME O FLUIDO DO PROCESSO SOBE OU DESCE, OS SINALIZADORES GIRAM PARA INDICAR O N\u00cdVEL DO FLUIDO.<\/span><\/p>\n<hr \/>\n<h5 style=\"text-align: center;\"><span style=\"color: #005286; font-size: 22px; font-family: 'trebuchet ms', geneva, sans-serif;\">SOLICITE UM OR\u00c7AMENTO \ud83d\udce9<\/span><\/h5>\n<p style=\"text-align: center;\"><span style=\"font-family: 'trebuchet ms', geneva, sans-serif;\">[forminator_form id=&#8221;10041&#8243;]<\/span><\/p>\n","protected":false},"excerpt":{"rendered":"<table style=\"width: 100%; border-collapse: collapse; background-color: #f7f7f7; height: 48px;\">\n<tbody>\n<tr style=\"height: 24px;\">\n<td style=\"width: 100%; text-align: center; height: 24px;\"><span style=\"font-family: 'trebuchet ms', geneva, sans-serif; font-size: 14px; color: #005286;\"><strong>PLANILHA DE ESPECIFICA\u00c7\u00c3O<\/strong><\/span><\/td>\n<\/tr>\n<tr style=\"height: 24px;\">\n<td style=\"width: 100%; text-align: center; height: 24px;\"><a href=\"http:\/\/teste.dismag.com.br\/wp-content\/uploads\/2015\/12\/9340-1209-AQ4000-MLI-Information-Form.pdf\" target=\"_blank\" rel=\"noopener\"><span style=\"font-size: 14px; font-family: 'trebuchet ms', geneva, sans-serif; color: #999999;\">CLIQUE AQUI PARA BAIXAR<\/span><\/a><\/td>\n<\/tr>\n<\/tbody>\n<\/table>\n<p style=\"text-align: center;\"><!-- wp:kioken\/spacer {\"className\":\"is-style-fullwidth\",\"kioblocks\":[]} --><\/p>\n<p style=\"text-align: center;\"><!-- \/wp:kioken\/spacer --><\/p>\n","protected":false},"featured_media":8872,"template":"","meta":{"_joinchat":[]},"product_brand":[],"product_cat":[286],"product_tag":[],"class_list":{"0":"post-8871","1":"product","2":"type-product","3":"status-publish","4":"has-post-thumbnail","6":"product_cat-visor-e-chave-de-nivel","8":"first","9":"instock","10":"shipping-taxable","11":"product-type-simple"},"_links":{"self":[{"href":"https:\/\/dismag.com.br\/index.php\/wp-json\/wp\/v2\/product\/8871"}],"collection":[{"href":"https:\/\/dismag.com.br\/index.php\/wp-json\/wp\/v2\/product"}],"about":[{"href":"https:\/\/dismag.com.br\/index.php\/wp-json\/wp\/v2\/types\/product"}],"version-history":[{"count":1,"href":"https:\/\/dismag.com.br\/index.php\/wp-json\/wp\/v2\/product\/8871\/revisions"}],"predecessor-version":[{"id":10302,"href":"https:\/\/dismag.com.br\/index.php\/wp-json\/wp\/v2\/product\/8871\/revisions\/10302"}],"wp:featuredmedia":[{"embeddable":true,"href":"https:\/\/dismag.com.br\/index.php\/wp-json\/wp\/v2\/media\/8872"}],"wp:attachment":[{"href":"https:\/\/dismag.com.br\/index.php\/wp-json\/wp\/v2\/media?parent=8871"}],"wp:term":[{"taxonomy":"product_brand","embeddable":true,"href":"https:\/\/dismag.com.br\/index.php\/wp-json\/wp\/v2\/product_brand?post=8871"},{"taxonomy":"product_cat","embeddable":true,"href":"https:\/\/dismag.com.br\/index.php\/wp-json\/wp\/v2\/product_cat?post=8871"},{"taxonomy":"product_tag","embeddable":true,"href":"https:\/\/dismag.com.br\/index.php\/wp-json\/wp\/v2\/product_tag?post=8871"}],"curies":[{"name":"wp","href":"https:\/\/api.w.org\/{rel}","templated":true}]}}