{"id":8891,"date":"2021-09-21T14:54:32","date_gmt":"2021-09-21T17:54:32","guid":{"rendered":"https:\/\/teste.dismag.com.br\/?post_type=product&#038;p=8891"},"modified":"2022-11-08T15:52:19","modified_gmt":"2022-11-08T18:52:19","slug":"valvula-controle-schroedahl-bpv","status":"publish","type":"product","link":"https:\/\/dismag.com.br\/index.php\/produto\/valvula-controle-schroedahl-bpv\/","title":{"rendered":"ACESS\u00d3RIO PARA V\u00c1LVULA BPV SCHROEDAHL"},"content":{"rendered":"<p><strong><img fetchpriority=\"high\" decoding=\"async\" class=\"alignnone wp-image-9095 size-full\" src=\"http:\/\/teste.dismag.com.br\/wp-content\/uploads\/2021\/09\/CIRCOR-Smart-App-Flyer_Digital-Final-common-pg-2-002.png\" alt=\"\" width=\"3171\" height=\"4081\" srcset=\"https:\/\/dismag.com.br\/wp-content\/uploads\/2021\/09\/CIRCOR-Smart-App-Flyer_Digital-Final-common-pg-2-002.png 3171w, https:\/\/dismag.com.br\/wp-content\/uploads\/2021\/09\/CIRCOR-Smart-App-Flyer_Digital-Final-common-pg-2-002-500x643.png 500w\" sizes=\"(max-width: 3171px) 100vw, 3171px\" \/><\/strong><\/p>\n<p style=\"text-align: center;\"><span style=\"color: #005286;\"><strong><span style=\"font-family: 'trebuchet ms', geneva, sans-serif; font-size: 14px;\">CARACTER\u00cdSTICAS DO PRODUTO<\/span><\/strong><\/span><\/p>\n<ul>\n<li><span style=\"font-family: 'trebuchet ms', geneva, sans-serif; font-size: 14px; color: #999999;\">EVITA A EVAPORA\u00c7\u00c3O E CAVITA\u00c7\u00c3O E GARANTE UM FUNCIONAMENTO SUAVE<\/span><\/li>\n<li><span style=\"font-family: 'trebuchet ms', geneva, sans-serif; font-size: 14px; color: #999999;\">MATERIAL DE CAIXA FORJADO, A\u00c7O CARBONO OU A\u00c7O INOXID\u00c1VEL<\/span><\/li>\n<li><span style=\"font-family: 'trebuchet ms', geneva, sans-serif; font-size: 14px; color: #999999;\">POSSIBILIDADE DE MATERIAL ESPECIAL<\/span><\/li>\n<li><span style=\"font-family: 'trebuchet ms', geneva, sans-serif; font-size: 14px; color: #999999;\">OPERA\u00c7\u00c3O INTERNA (NENHUMA FONTE DE ENERGIA EXTERNA NECESS\u00c1RIA)<\/span><\/li>\n<li><span style=\"font-family: 'trebuchet ms', geneva, sans-serif; font-size: 14px; color: #999999;\">F\u00c1CIL DE INSTALAR<\/span><\/li>\n<li><span style=\"font-family: 'trebuchet ms', geneva, sans-serif; font-size: 14px; color: #999999;\">BAIXA MANUTEN\u00c7\u00c3O<\/span><\/li>\n<\/ul>\n<hr \/>\n<h5 style=\"text-align: center;\"><span style=\"color: #005286; font-size: 22px; font-family: 'trebuchet ms', geneva, sans-serif;\">SOLICITE UM OR\u00c7AMENTO \ud83d\udce9<\/span><\/h5>\n<p style=\"text-align: center;\"><span style=\"font-family: 'trebuchet ms', geneva, sans-serif;\">[forminator_form id=&#8221;10041&#8243;]<\/span><\/p>\n","protected":false},"excerpt":{"rendered":"<table style=\"width: 100%; border-collapse: collapse; background-color: #f7f7f7; height: 48px;\">\n<tbody>\n<tr style=\"height: 24px;\">\n<td style=\"width: 100%; text-align: center; height: 24px;\"><span style=\"font-family: 'trebuchet ms', geneva, sans-serif; font-size: 14px; color: #005286;\"><strong>PLANILHA DE ESPECIFICA\u00c7\u00c3O<\/strong><\/span><\/td>\n<\/tr>\n<tr style=\"height: 24px;\">\n<td style=\"width: 100%; text-align: center; height: 24px;\"><a href=\"https:\/\/dismag.com.br\/wp-content\/uploads\/2021\/09\/Broschuere_BPV_uk_020_0456.pdf\" target=\"_blank\" rel=\"noopener\"><span style=\"font-size: 14px; font-family: 'trebuchet ms', geneva, sans-serif; color: #999999;\">CLIQUE AQUI PARA BAIXAR<\/span><\/a><\/td>\n<\/tr>\n<\/tbody>\n<\/table>\n","protected":false},"featured_media":10288,"template":"","meta":{"_joinchat":[]},"product_brand":[],"product_cat":[287],"product_tag":[],"class_list":{"0":"post-8891","1":"product","2":"type-product","3":"status-publish","4":"has-post-thumbnail","6":"product_cat-valvula-de-recirculacao","8":"first","9":"instock","10":"shipping-taxable","11":"product-type-simple"},"_links":{"self":[{"href":"https:\/\/dismag.com.br\/index.php\/wp-json\/wp\/v2\/product\/8891"}],"collection":[{"href":"https:\/\/dismag.com.br\/index.php\/wp-json\/wp\/v2\/product"}],"about":[{"href":"https:\/\/dismag.com.br\/index.php\/wp-json\/wp\/v2\/types\/product"}],"version-history":[{"count":1,"href":"https:\/\/dismag.com.br\/index.php\/wp-json\/wp\/v2\/product\/8891\/revisions"}],"predecessor-version":[{"id":10289,"href":"https:\/\/dismag.com.br\/index.php\/wp-json\/wp\/v2\/product\/8891\/revisions\/10289"}],"wp:featuredmedia":[{"embeddable":true,"href":"https:\/\/dismag.com.br\/index.php\/wp-json\/wp\/v2\/media\/10288"}],"wp:attachment":[{"href":"https:\/\/dismag.com.br\/index.php\/wp-json\/wp\/v2\/media?parent=8891"}],"wp:term":[{"taxonomy":"product_brand","embeddable":true,"href":"https:\/\/dismag.com.br\/index.php\/wp-json\/wp\/v2\/product_brand?post=8891"},{"taxonomy":"product_cat","embeddable":true,"href":"https:\/\/dismag.com.br\/index.php\/wp-json\/wp\/v2\/product_cat?post=8891"},{"taxonomy":"product_tag","embeddable":true,"href":"https:\/\/dismag.com.br\/index.php\/wp-json\/wp\/v2\/product_tag?post=8891"}],"curies":[{"name":"wp","href":"https:\/\/api.w.org\/{rel}","templated":true}]}}