{"id":8894,"date":"2021-09-21T15:19:19","date_gmt":"2021-09-21T18:19:19","guid":{"rendered":"https:\/\/teste.dismag.com.br\/?post_type=product&#038;p=8894"},"modified":"2022-11-08T14:09:28","modified_gmt":"2022-11-08T17:09:28","slug":"valvula-controle-schroedahl-dk","status":"publish","type":"product","link":"https:\/\/dismag.com.br\/index.php\/produto\/valvula-controle-schroedahl-dk\/","title":{"rendered":"V\u00c1LVULA DK SCHROEDAHL"},"content":{"rendered":"<p><img fetchpriority=\"high\" decoding=\"async\" class=\"alignnone wp-image-9095 size-full\" src=\"http:\/\/teste.dismag.com.br\/wp-content\/uploads\/2021\/09\/CIRCOR-Smart-App-Flyer_Digital-Final-common-pg-2-002.png\" alt=\"\" width=\"3171\" height=\"4081\" srcset=\"https:\/\/dismag.com.br\/wp-content\/uploads\/2021\/09\/CIRCOR-Smart-App-Flyer_Digital-Final-common-pg-2-002.png 3171w, https:\/\/dismag.com.br\/wp-content\/uploads\/2021\/09\/CIRCOR-Smart-App-Flyer_Digital-Final-common-pg-2-002-500x643.png 500w\" sizes=\"(max-width: 3171px) 100vw, 3171px\" \/><\/p>\n<p style=\"text-align: center;\"><span style=\"color: #005286;\"><strong><span style=\"font-family: 'trebuchet ms', geneva, sans-serif; font-size: 14px;\">CARACTER\u00cdSTICAS DO PRODUTO<\/span><\/strong><\/span><\/p>\n<ul>\n<li><span style=\"font-family: 'trebuchet ms', geneva, sans-serif; font-size: 14px; color: #999999;\">O RESFRIADOR DE \u00c1GUA PULVERIZADA (DESIGN DE LAN\u00c7A) FUNCIONA COM TECNOLOGIA DE BICO CONTROLADA PARA EXTREMA RESFRIAMENTO A VAPOR EFICAZ<\/span><br \/>\n<span style=\"font-family: 'trebuchet ms', geneva, sans-serif; font-size: 14px; color: #999999;\">PULVERIZADOR COM BICOS INTEGRADOS DE ALTO DESEMPENHO<\/span><\/li>\n<li><span style=\"font-family: 'trebuchet ms', geneva, sans-serif; font-size: 14px; color: #999999;\">CARACTER\u00cdSTICAS DE CONTROLE SELECION\u00c1VEIS \u200b\u200bPARA CONTROLE PRECISO DA TEMPERATURA<\/span><\/li>\n<li><span style=\"font-family: 'trebuchet ms', geneva, sans-serif; font-size: 14px; color: #999999;\">UMA GRANDE DIFEREN\u00c7A DE PRESS\u00c3O DE VAPOR DE \u00c1GUA DELTA \u00c9 PERMITIDA<\/span><\/li>\n<li><span style=\"font-family: 'trebuchet ms', geneva, sans-serif; font-size: 14px; color: #999999;\">EXCELENTE ATOMIZA\u00c7\u00c3O DE PRESS\u00c3O<\/span><\/li>\n<li><span style=\"font-family: 'trebuchet ms', geneva, sans-serif; font-size: 14px; color: #999999;\">FECHAMENTO ESTANQUE, NENHUM VAZAMENTO NA POSI\u00c7\u00c3O FECHADA<\/span><\/li>\n<li><span style=\"font-family: 'trebuchet ms', geneva, sans-serif; font-size: 14px; color: #999999;\">ALTA PRECIS\u00c3O DE CONTROLE EM TODA A FAIXA DE CONTROLE<\/span><\/li>\n<li><span style=\"font-family: 'trebuchet ms', geneva, sans-serif; font-size: 14px; color: #999999;\">ASSENTO MET\u00c1LICO DE FECHAMENTO HERM\u00c9TICO. NENHUM VAZAMENTO NA POSI\u00c7\u00c3O FECHADA E, PORTANTO, NENHUM ESVAZIAMENTO DO RESFRIAMENTO NAS LINHAS DE \u00c1GUA<\/span><\/li>\n<li><span style=\"font-family: 'trebuchet ms', geneva, sans-serif; font-size: 14px; color: #999999;\">CONT\u00c9M O BOCAL DE INJE\u00c7\u00c3O DE PRESS\u00c3O, NENHUMA V\u00c1LVULA DE CONTROLE ADICIONAL NECESS\u00c1RIA<\/span><\/li>\n<li><span style=\"font-family: 'trebuchet ms', geneva, sans-serif; font-size: 14px; color: #999999;\">ALTA CONFIABILIDADE OPERACIONAL ATRAV\u00c9S DO USO DE COMPONENTES SIMPLES, DESGASTE M\u00cdNIMO<\/span><\/li>\n<li><span style=\"font-family: 'trebuchet ms', geneva, sans-serif; font-size: 14px; color: #999999;\">EXCELENTE PRECIS\u00c3O DE CONTROLE EM TODA A FAIXA DE CONTROLE<\/span><\/li>\n<\/ul>\n<hr \/>\n<h5 style=\"text-align: center;\"><span style=\"color: #005286; font-size: 22px; font-family: 'trebuchet ms', geneva, sans-serif;\">SOLICITE UM OR\u00c7AMENTO \ud83d\udce9<\/span><\/h5>\n<p style=\"text-align: center;\"><span style=\"font-family: 'trebuchet ms', geneva, sans-serif;\">[forminator_form id=&#8221;10041&#8243;]<\/span><\/p>\n","protected":false},"excerpt":{"rendered":"<table style=\"width: 100%; border-collapse: collapse; background-color: #f7f7f7;\">\n<tbody>\n<tr>\n<td style=\"width: 100%; text-align: center;\"><strong><span style=\"font-family: 'trebuchet ms', geneva, sans-serif; font-size: 14px; color: #005286;\">PLANILHA DE ESPECIFICA\u00c7\u00c3O<\/span><\/strong><\/td>\n<\/tr>\n<tr>\n<td style=\"width: 100%; text-align: center;\"><span style=\"color: #999999;\"><a style=\"color: #999999;\" href=\"https:\/\/dismag.com.br\/wp-content\/uploads\/2021\/09\/Schroedahl-Valves-Brochures-Schroedahl-Series-DK.pdf\" target=\"_blank\" rel=\"noopener\"><span style=\"font-family: 'trebuchet ms', geneva, sans-serif; font-size: 14px;\">CLIQUE AQUI PARA BAIXAR<\/span><\/a><\/span><\/td>\n<\/tr>\n<\/tbody>\n<\/table>\n","protected":false},"featured_media":10285,"template":"","meta":{"_joinchat":[]},"product_brand":[],"product_cat":[287],"product_tag":[],"class_list":{"0":"post-8894","1":"product","2":"type-product","3":"status-publish","4":"has-post-thumbnail","6":"product_cat-valvula-de-recirculacao","8":"first","9":"instock","10":"shipping-taxable","11":"product-type-simple"},"_links":{"self":[{"href":"https:\/\/dismag.com.br\/index.php\/wp-json\/wp\/v2\/product\/8894"}],"collection":[{"href":"https:\/\/dismag.com.br\/index.php\/wp-json\/wp\/v2\/product"}],"about":[{"href":"https:\/\/dismag.com.br\/index.php\/wp-json\/wp\/v2\/types\/product"}],"version-history":[{"count":1,"href":"https:\/\/dismag.com.br\/index.php\/wp-json\/wp\/v2\/product\/8894\/revisions"}],"predecessor-version":[{"id":10287,"href":"https:\/\/dismag.com.br\/index.php\/wp-json\/wp\/v2\/product\/8894\/revisions\/10287"}],"wp:featuredmedia":[{"embeddable":true,"href":"https:\/\/dismag.com.br\/index.php\/wp-json\/wp\/v2\/media\/10285"}],"wp:attachment":[{"href":"https:\/\/dismag.com.br\/index.php\/wp-json\/wp\/v2\/media?parent=8894"}],"wp:term":[{"taxonomy":"product_brand","embeddable":true,"href":"https:\/\/dismag.com.br\/index.php\/wp-json\/wp\/v2\/product_brand?post=8894"},{"taxonomy":"product_cat","embeddable":true,"href":"https:\/\/dismag.com.br\/index.php\/wp-json\/wp\/v2\/product_cat?post=8894"},{"taxonomy":"product_tag","embeddable":true,"href":"https:\/\/dismag.com.br\/index.php\/wp-json\/wp\/v2\/product_tag?post=8894"}],"curies":[{"name":"wp","href":"https:\/\/api.w.org\/{rel}","templated":true}]}}