{"id":9125,"date":"2021-10-13T16:55:33","date_gmt":"2021-10-13T19:55:33","guid":{"rendered":"https:\/\/teste.dismag.com.br\/?post_type=product&#038;p=9125"},"modified":"2022-10-26T17:41:22","modified_gmt":"2022-10-26T20:41:22","slug":"valvula-controle-schroedahl-av","status":"publish","type":"product","link":"https:\/\/dismag.com.br\/index.php\/produto\/valvula-controle-schroedahl-av\/","title":{"rendered":"V\u00c1LVULA AV SCHROEDAHL"},"content":{"rendered":"<p><strong><img fetchpriority=\"high\" decoding=\"async\" class=\"alignnone wp-image-9095 size-full\" src=\"http:\/\/teste.dismag.com.br\/wp-content\/uploads\/2021\/09\/CIRCOR-Smart-App-Flyer_Digital-Final-common-pg-2-002.png\" alt=\"\" width=\"3171\" height=\"4081\" srcset=\"https:\/\/dismag.com.br\/wp-content\/uploads\/2021\/09\/CIRCOR-Smart-App-Flyer_Digital-Final-common-pg-2-002.png 3171w, https:\/\/dismag.com.br\/wp-content\/uploads\/2021\/09\/CIRCOR-Smart-App-Flyer_Digital-Final-common-pg-2-002-500x643.png 500w\" sizes=\"(max-width: 3171px) 100vw, 3171px\" \/><\/strong><\/p>\n<p style=\"text-align: center;\"><span style=\"color: #005286;\"><strong><span style=\"font-family: 'trebuchet ms', geneva, sans-serif; font-size: 14px;\">CARACTER\u00cdSTICAS DO PRODUTO<\/span><\/strong><\/span><\/p>\n<p><span style=\"color: #999999; font-size: 14px; font-family: 'trebuchet ms', geneva, sans-serif;\">&#8211; PROJETO DE BAIXO RU\u00cdDO E LIVRE DE CAVITA\u00c7\u00c3O DE EST\u00c1GIO \u00daNICO E M\u00daLTIPLO DO CORPO DO ACELERADOR (BUCHA PERFURADA)<\/span><\/p>\n<p><span style=\"color: #999999; font-size: 14px; font-family: 'trebuchet ms', geneva, sans-serif;\">&#8211; UNIDADE DE REDU\u00c7\u00c3O DE V\u00c1LVULA ROBUSTA COM SISTEMA DE BUCHA PERFURADA DE UM OU V\u00c1RIOS EST\u00c1GIOS<\/span><\/p>\n<p><span style=\"color: #999999; font-size: 14px; font-family: 'trebuchet ms', geneva, sans-serif;\">&#8211; CORPOS DE BORBOLETA ALIVIADOS E N\u00c3O ALIVIADOS<\/span><\/p>\n<p><span style=\"color: #999999; font-size: 14px; font-family: 'trebuchet ms', geneva, sans-serif;\">&#8211; TAMPA DA CAIXA APARAFUSADA<\/span><\/p>\n<p><span style=\"color: #999999; font-size: 14px; font-family: 'trebuchet ms', geneva, sans-serif;\">&#8211; CARACTER\u00cdSTICA MODIFICADA LINEARMENTE<\/span><\/p>\n<hr \/>\n<h5 style=\"text-align: center;\"><span style=\"color: #005286; font-size: 22px; font-family: 'trebuchet ms', geneva, sans-serif;\">SOLICITE UM OR\u00c7AMENTO \ud83d\udce9<\/span><\/h5>\n<p style=\"text-align: center;\"><span style=\"font-family: 'trebuchet ms', geneva, sans-serif;\">[forminator_form id=&#8221;10041&#8243;]<\/span><\/p>\n","protected":false},"excerpt":{"rendered":"<table style=\"width: 100%; border-collapse: collapse; background-color: #f7f7f7;\">\n<tbody>\n<tr>\n<td style=\"width: 100%; text-align: center;\"><span style=\"font-family: 'trebuchet ms', geneva, sans-serif; font-size: 14px; color: #005286;\"><strong>PLANILHA DE ESPECIFICA\u00c7\u00c3O<\/strong><\/span><\/td>\n<\/tr>\n<tr>\n<td style=\"width: 100%; text-align: center;\"><a href=\"https:\/\/docs.google.com\/document\/d\/1XNxRrfMnZOk0PLl-AuCzaMr737roLGdL\/edit?usp=sharing&amp;ouid=114020868691880030677&amp;rtpof=true&amp;sd=true\" target=\"_blank\" rel=\"noopener\"><span style=\"font-size: 14px; font-family: 'trebuchet ms', geneva, sans-serif; color: #999999;\">CLIQUE AQUI PARA BAIXAR<\/span><\/a><\/td>\n<\/tr>\n<\/tbody>\n<\/table>\n<p><!-- \/wp:kioken\/spacer --><\/p>\n","protected":false},"featured_media":10279,"template":"","meta":{"_joinchat":[]},"product_brand":[],"product_cat":[287],"product_tag":[],"class_list":{"0":"post-9125","1":"product","2":"type-product","3":"status-publish","4":"has-post-thumbnail","6":"product_cat-valvula-de-recirculacao","8":"first","9":"instock","10":"shipping-taxable","11":"product-type-simple"},"_links":{"self":[{"href":"https:\/\/dismag.com.br\/index.php\/wp-json\/wp\/v2\/product\/9125"}],"collection":[{"href":"https:\/\/dismag.com.br\/index.php\/wp-json\/wp\/v2\/product"}],"about":[{"href":"https:\/\/dismag.com.br\/index.php\/wp-json\/wp\/v2\/types\/product"}],"version-history":[{"count":1,"href":"https:\/\/dismag.com.br\/index.php\/wp-json\/wp\/v2\/product\/9125\/revisions"}],"predecessor-version":[{"id":10280,"href":"https:\/\/dismag.com.br\/index.php\/wp-json\/wp\/v2\/product\/9125\/revisions\/10280"}],"wp:featuredmedia":[{"embeddable":true,"href":"https:\/\/dismag.com.br\/index.php\/wp-json\/wp\/v2\/media\/10279"}],"wp:attachment":[{"href":"https:\/\/dismag.com.br\/index.php\/wp-json\/wp\/v2\/media?parent=9125"}],"wp:term":[{"taxonomy":"product_brand","embeddable":true,"href":"https:\/\/dismag.com.br\/index.php\/wp-json\/wp\/v2\/product_brand?post=9125"},{"taxonomy":"product_cat","embeddable":true,"href":"https:\/\/dismag.com.br\/index.php\/wp-json\/wp\/v2\/product_cat?post=9125"},{"taxonomy":"product_tag","embeddable":true,"href":"https:\/\/dismag.com.br\/index.php\/wp-json\/wp\/v2\/product_tag?post=9125"}],"curies":[{"name":"wp","href":"https:\/\/api.w.org\/{rel}","templated":true}]}}